{"id":627,"date":"2025-06-10T16:35:48","date_gmt":"2025-06-10T19:35:48","guid":{"rendered":"https:\/\/micdigi.deqm.puc-rio.br\/?page_id=627"},"modified":"2025-06-10T17:06:33","modified_gmt":"2025-06-10T20:06:33","slug":"analisador-de-particulas","status":"publish","type":"page","link":"https:\/\/micdigi.deqm.puc-rio.br\/en\/analisador-de-particulas\/","title":{"rendered":"Equipment: Particle Analyzer"},"content":{"rendered":"<p><div class=\"fusion-fullwidth fullwidth-box fusion-builder-row-1 nonhundred-percent-fullwidth non-hundred-percent-height-scrolling\" style=\"--awb-border-radius-top-left:0px;--awb-border-radius-top-right:0px;--awb-border-radius-bottom-right:0px;--awb-border-radius-bottom-left:0px;--awb-flex-wrap:wrap;\" ><div class=\"fusion-builder-row fusion-row\"><div class=\"fusion-layout-column fusion_builder_column fusion-builder-column-0 fusion_builder_column_1_1 1_1 fusion-one-full fusion-column-first fusion-column-last\" style=\"--awb-bg-size:cover;\"><div class=\"fusion-column-wrapper fusion-flex-column-wrapper-legacy\"><div class=\"fusion-image-carousel fusion-image-carousel-auto fusion-image-carousel-1 lightbox-enabled fusion-carousel-border\"><div class=\"awb-carousel awb-swiper awb-swiper-carousel awb-swiper-dots-position-bottom awb-carousel--carousel\" data-layout=\"carousel\" data-autoplay=\"yes\" data-autoplayspeed=\"2500\" data-autoplaypause=\"yes\" data-columns=\"1.0\" data-itemmargin=\"5\" data-itemwidth=\"180\" data-touchscroll=\"no\" data-freemode=\"no\" data-imagesize=\"auto\" data-centeredslides=\"no\" data-rotationangle=\"50\" data-depth=\"100\" data-speed=\"3500\" data-shadow=\"no\" style=\"--awb-columns:1.0;--awb-column-spacing:5px;--awb-dots-align:center;\"><div class=\"swiper-wrapper awb-image-carousel-wrapper fusion-flex-align-items-stretch\"><div class=\"swiper-slide\"><div class=\"fusion-carousel-item-wrapper\"><div class=\"fusion-image-wrapper hover-type-none\"><a data-rel=\"iLightbox[image_carousel_1]\" data-title=\"Malvern_2\" aria-label=\"Malvern_2\" href=\"http:\/\/micdigi.deqm.puc-rio.br\/wp-content\/uploads\/2019\/08\/Malvern_2.png\" target=\"_self\"><img decoding=\"async\" width=\"634\" height=\"476\" src=\"https:\/\/micdigi.deqm.puc-rio.br\/wp-content\/uploads\/2019\/08\/Malvern_2.png\" class=\"attachment-full size-full\" alt=\"\" srcset=\"https:\/\/micdigi.deqm.puc-rio.br\/wp-content\/uploads\/2019\/08\/Malvern_2-200x150.png 200w, https:\/\/micdigi.deqm.puc-rio.br\/wp-content\/uploads\/2019\/08\/Malvern_2-300x225.png 300w, https:\/\/micdigi.deqm.puc-rio.br\/wp-content\/uploads\/2019\/08\/Malvern_2-400x300.png 400w, https:\/\/micdigi.deqm.puc-rio.br\/wp-content\/uploads\/2019\/08\/Malvern_2-600x450.png 600w, https:\/\/micdigi.deqm.puc-rio.br\/wp-content\/uploads\/2019\/08\/Malvern_2.png 634w\" sizes=\"(max-width: 634px) 100vw, 634px\" \/><\/a><\/div><\/div><\/div><div class=\"swiper-slide\"><div class=\"fusion-carousel-item-wrapper\"><div class=\"fusion-image-wrapper hover-type-none\"><a data-rel=\"iLightbox[image_carousel_1]\" data-title=\"Malvern_1\" aria-label=\"Malvern_1\" href=\"http:\/\/micdigi.deqm.puc-rio.br\/wp-content\/uploads\/2019\/08\/Malvern_1.png\" target=\"_self\"><img decoding=\"async\" width=\"787\" height=\"590\" src=\"https:\/\/micdigi.deqm.puc-rio.br\/wp-content\/uploads\/2019\/08\/Malvern_1.png\" class=\"attachment-full size-full\" alt=\"\" srcset=\"https:\/\/micdigi.deqm.puc-rio.br\/wp-content\/uploads\/2019\/08\/Malvern_1-200x150.png 200w, https:\/\/micdigi.deqm.puc-rio.br\/wp-content\/uploads\/2019\/08\/Malvern_1-300x225.png 300w, https:\/\/micdigi.deqm.puc-rio.br\/wp-content\/uploads\/2019\/08\/Malvern_1-400x300.png 400w, https:\/\/micdigi.deqm.puc-rio.br\/wp-content\/uploads\/2019\/08\/Malvern_1-600x450.png 600w, https:\/\/micdigi.deqm.puc-rio.br\/wp-content\/uploads\/2019\/08\/Malvern_1-768x576.png 768w, https:\/\/micdigi.deqm.puc-rio.br\/wp-content\/uploads\/2019\/08\/Malvern_1.png 787w\" sizes=\"(max-width: 787px) 100vw, 787px\" \/><\/a><\/div><\/div><\/div><\/div><div class=\"awb-swiper-button awb-swiper-button-prev\"><i class=\"awb-icon-angle-left\" aria-hidden=\"true\"><\/i><\/div><div class=\"awb-swiper-button awb-swiper-button-next\"><i class=\"awb-icon-angle-right\" aria-hidden=\"true\"><\/i><\/div><\/div><\/div><div class=\"fusion-text fusion-text-1\"><ul>\n<li><span style=\"font-size: 16px;\">Malvern Morphologi 4.<\/span><\/li>\n<li><span style=\"font-size: 16px;\">Lentes \u00f3ticas: 2,5X, 5X, 10X, 20X e 50X.<\/span><\/li>\n<li><span style=\"font-size: 16px;\">Faixa de tamanho de part\u00edcula: 0.5 \u03bcm \u2013 1300 \u03bcm.<\/span><\/li>\n<li><span style=\"font-size: 16px;\">Par\u00e2metros de medida morfol\u00f3gica: di\u00e2metro equivalente, comprimento, largura, per\u00edmetro, \u00e1rea, volume esf\u00e9rico equivalente, raz\u00e3o de aspecto, circularidade, solidez, convexidade, elonga\u00e7\u00e3o entre outros.<\/span><\/li>\n<li><span style=\"font-size: 16px;\">Sistema de dispers\u00e3o com ar comprimido.<\/span><\/li>\n<li><span style=\"font-size: 16px;\">Sistema herm\u00e9tico para reduzir contamina\u00e7\u00e3o.<\/span><\/li>\n<li><span style=\"font-size: 16px;\">Software de controle e an\u00e1lise de dados.<\/span><\/li>\n<\/ul>\n<p style=\"text-align: left;\"><span style=\"font-size: 16px;\"><strong>ATEN\u00c7\u00c3O:<\/strong><\/span><\/p>\n<p style=\"text-align: left;\"><span style=\"font-size: 16px;\"><strong>Para solicitar servi\u00e7os com estes equipamentos,<br \/>\nconhecer as condi\u00e7\u00f5es e prazos,<br \/>\npor favor entre em contato com<br \/>\n<a href=\"mailto: marcosh@puc-rio.br\">Marcos Henrique de Pinho Mauricio<\/a>.<\/strong><\/span><\/p>\n<\/div><div class=\"fusion-sep-clear\"><\/div><div class=\"fusion-separator fusion-full-width-sep\" style=\"margin-left: auto;margin-right: auto;margin-top:30px;margin-bottom:20px;width:100%;\"><div class=\"fusion-separator-border sep-single sep-solid\" style=\"--awb-height:20px;--awb-amount:20px;--awb-sep-color:var(--awb-color6);border-color:var(--awb-color6);border-top-width:1px;\"><\/div><\/div><div class=\"fusion-sep-clear\"><\/div><div class=\"fusion-text fusion-text-2\"><p><strong>Outros equipamentos:<\/strong><\/p>\n<ul>\n<li><a href=\"https:\/\/micdigi.deqm.puc-rio.br\/microtomografo-de-raios-x\/\">Microtom\u00f3grafo de Raios-X<\/a><\/li>\n<li><a href=\"https:\/\/micdigi.deqm.puc-rio.br\/microscopios-oticos-automatizados\/\">Microsc\u00f3pios \u00d3ticos Automatizados<\/a><\/li>\n<\/ul>\n<\/div><div class=\"fusion-clearfix\"><\/div><\/div><\/div><\/div><\/div><div class=\"fusion-fullwidth fullwidth-box fusion-builder-row-2 fusion-flex-container has-pattern-background has-mask-background nonhundred-percent-fullwidth non-hundred-percent-height-scrolling\" style=\"--awb-border-radius-top-left:0px;--awb-border-radius-top-right:0px;--awb-border-radius-bottom-right:0px;--awb-border-radius-bottom-left:0px;--awb-flex-wrap:wrap;\" ><div class=\"fusion-builder-row fusion-row fusion-flex-align-items-flex-start fusion-flex-content-wrap\" style=\"max-width:1144px;margin-left: calc(-4% \/ 2 );margin-right: calc(-4% \/ 2 );\"><\/div><\/div><\/p>\n","protected":false},"excerpt":{"rendered":"","protected":false},"author":1,"featured_media":0,"parent":0,"menu_order":0,"comment_status":"closed","ping_status":"closed","template":"","meta":{"footnotes":""},"class_list":["post-627","page","type-page","status-publish","hentry"],"_links":{"self":[{"href":"https:\/\/micdigi.deqm.puc-rio.br\/en\/wp-json\/wp\/v2\/pages\/627","targetHints":{"allow":["GET"]}}],"collection":[{"href":"https:\/\/micdigi.deqm.puc-rio.br\/en\/wp-json\/wp\/v2\/pages"}],"about":[{"href":"https:\/\/micdigi.deqm.puc-rio.br\/en\/wp-json\/wp\/v2\/types\/page"}],"author":[{"embeddable":true,"href":"https:\/\/micdigi.deqm.puc-rio.br\/en\/wp-json\/wp\/v2\/users\/1"}],"replies":[{"embeddable":true,"href":"https:\/\/micdigi.deqm.puc-rio.br\/en\/wp-json\/wp\/v2\/comments?post=627"}],"version-history":[{"count":3,"href":"https:\/\/micdigi.deqm.puc-rio.br\/en\/wp-json\/wp\/v2\/pages\/627\/revisions"}],"predecessor-version":[{"id":637,"href":"https:\/\/micdigi.deqm.puc-rio.br\/en\/wp-json\/wp\/v2\/pages\/627\/revisions\/637"}],"wp:attachment":[{"href":"https:\/\/micdigi.deqm.puc-rio.br\/en\/wp-json\/wp\/v2\/media?parent=627"}],"curies":[{"name":"wp","href":"https:\/\/api.w.org\/{rel}","templated":true}]}}