{"id":620,"date":"2025-06-10T16:28:12","date_gmt":"2025-06-10T19:28:12","guid":{"rendered":"https:\/\/micdigi.deqm.puc-rio.br\/?page_id=620"},"modified":"2025-06-10T17:06:30","modified_gmt":"2025-06-10T20:06:30","slug":"microtomografo-de-raios-x","status":"publish","type":"page","link":"https:\/\/micdigi.deqm.puc-rio.br\/en\/microtomografo-de-raios-x\/","title":{"rendered":"Equipment: X-ray Microtomography"},"content":{"rendered":"<p><div class=\"fusion-fullwidth fullwidth-box fusion-builder-row-1 nonhundred-percent-fullwidth non-hundred-percent-height-scrolling\" style=\"--awb-border-radius-top-left:0px;--awb-border-radius-top-right:0px;--awb-border-radius-bottom-right:0px;--awb-border-radius-bottom-left:0px;--awb-flex-wrap:wrap;\" ><div class=\"fusion-builder-row fusion-row\"><div class=\"fusion-layout-column fusion_builder_column fusion-builder-column-0 fusion_builder_column_1_1 1_1 fusion-one-full fusion-column-first fusion-column-last\" style=\"--awb-bg-size:cover;\"><div class=\"fusion-column-wrapper fusion-flex-column-wrapper-legacy\"><div class=\"fusion-image-carousel fusion-image-carousel-auto fusion-image-carousel-1 lightbox-enabled fusion-carousel-border\"><div class=\"awb-carousel awb-swiper awb-swiper-carousel awb-swiper-dots-position-bottom awb-carousel--carousel\" data-layout=\"carousel\" data-autoplay=\"yes\" data-autoplayspeed=\"2500\" data-autoplaypause=\"yes\" data-columns=\"1.0\" data-itemmargin=\"5\" data-itemwidth=\"180\" data-touchscroll=\"no\" data-freemode=\"no\" data-imagesize=\"auto\" data-centeredslides=\"no\" data-rotationangle=\"50\" data-depth=\"100\" data-speed=\"3500\" data-shadow=\"no\" style=\"--awb-columns:1.0;--awb-column-spacing:5px;--awb-dots-align:center;\"><div class=\"swiper-wrapper awb-image-carousel-wrapper fusion-flex-align-items-stretch\"><div class=\"swiper-slide\"><div class=\"fusion-carousel-item-wrapper\"><div class=\"fusion-image-wrapper hover-type-none\"><a data-rel=\"iLightbox[image_carousel_1]\" data-title=\"Microtom\u00f3grafo de raios-x\" aria-label=\"Microtom\u00f3grafo de raios-x\" href=\"http:\/\/micdigi.deqm.puc-rio.br\/wp-content\/uploads\/2018\/03\/equip_tom_05.jpg\" target=\"_self\"><img decoding=\"async\" width=\"1500\" height=\"844\" src=\"https:\/\/micdigi.deqm.puc-rio.br\/wp-content\/uploads\/2018\/03\/equip_tom_05.jpg\" class=\"attachment-full size-full\" alt=\"\" srcset=\"https:\/\/micdigi.deqm.puc-rio.br\/wp-content\/uploads\/2018\/03\/equip_tom_05-200x113.jpg 200w, https:\/\/micdigi.deqm.puc-rio.br\/wp-content\/uploads\/2018\/03\/equip_tom_05-300x169.jpg 300w, https:\/\/micdigi.deqm.puc-rio.br\/wp-content\/uploads\/2018\/03\/equip_tom_05-400x225.jpg 400w, https:\/\/micdigi.deqm.puc-rio.br\/wp-content\/uploads\/2018\/03\/equip_tom_05-600x338.jpg 600w, https:\/\/micdigi.deqm.puc-rio.br\/wp-content\/uploads\/2018\/03\/equip_tom_05-768x432.jpg 768w, https:\/\/micdigi.deqm.puc-rio.br\/wp-content\/uploads\/2018\/03\/equip_tom_05-800x450.jpg 800w, https:\/\/micdigi.deqm.puc-rio.br\/wp-content\/uploads\/2018\/03\/equip_tom_05-1024x576.jpg 1024w, https:\/\/micdigi.deqm.puc-rio.br\/wp-content\/uploads\/2018\/03\/equip_tom_05-1200x675.jpg 1200w, https:\/\/micdigi.deqm.puc-rio.br\/wp-content\/uploads\/2018\/03\/equip_tom_05.jpg 1500w\" sizes=\"(max-width: 1500px) 100vw, 1500px\" \/><\/a><\/div><\/div><\/div><div class=\"swiper-slide\"><div class=\"fusion-carousel-item-wrapper\"><div class=\"fusion-image-wrapper hover-type-none\"><a data-rel=\"iLightbox[image_carousel_1]\" data-title=\"Microtom\u00f3grafo de raios-x\" aria-label=\"Microtom\u00f3grafo de raios-x\" href=\"http:\/\/micdigi.deqm.puc-rio.br\/wp-content\/uploads\/2018\/03\/equip_tom_02.jpg\" target=\"_self\"><img decoding=\"async\" width=\"1500\" height=\"844\" src=\"https:\/\/micdigi.deqm.puc-rio.br\/wp-content\/uploads\/2018\/03\/equip_tom_02.jpg\" class=\"attachment-full size-full\" alt=\"\" srcset=\"https:\/\/micdigi.deqm.puc-rio.br\/wp-content\/uploads\/2018\/03\/equip_tom_02-200x113.jpg 200w, https:\/\/micdigi.deqm.puc-rio.br\/wp-content\/uploads\/2018\/03\/equip_tom_02-300x169.jpg 300w, https:\/\/micdigi.deqm.puc-rio.br\/wp-content\/uploads\/2018\/03\/equip_tom_02-400x225.jpg 400w, https:\/\/micdigi.deqm.puc-rio.br\/wp-content\/uploads\/2018\/03\/equip_tom_02-600x338.jpg 600w, https:\/\/micdigi.deqm.puc-rio.br\/wp-content\/uploads\/2018\/03\/equip_tom_02-768x432.jpg 768w, https:\/\/micdigi.deqm.puc-rio.br\/wp-content\/uploads\/2018\/03\/equip_tom_02-800x450.jpg 800w, https:\/\/micdigi.deqm.puc-rio.br\/wp-content\/uploads\/2018\/03\/equip_tom_02-1024x576.jpg 1024w, https:\/\/micdigi.deqm.puc-rio.br\/wp-content\/uploads\/2018\/03\/equip_tom_02-1200x675.jpg 1200w, https:\/\/micdigi.deqm.puc-rio.br\/wp-content\/uploads\/2018\/03\/equip_tom_02.jpg 1500w\" sizes=\"(max-width: 1500px) 100vw, 1500px\" \/><\/a><\/div><\/div><\/div><div class=\"swiper-slide\"><div class=\"fusion-carousel-item-wrapper\"><div class=\"fusion-image-wrapper hover-type-none\"><a data-rel=\"iLightbox[image_carousel_1]\" data-title=\"Microtom\u00f3grafo de raios-x\" aria-label=\"Microtom\u00f3grafo de raios-x\" href=\"http:\/\/micdigi.deqm.puc-rio.br\/wp-content\/uploads\/2018\/03\/equip_tom_01.jpg\" target=\"_self\"><img decoding=\"async\" width=\"1500\" height=\"844\" src=\"https:\/\/micdigi.deqm.puc-rio.br\/wp-content\/uploads\/2018\/03\/equip_tom_01.jpg\" class=\"attachment-full size-full\" alt=\"\" srcset=\"https:\/\/micdigi.deqm.puc-rio.br\/wp-content\/uploads\/2018\/03\/equip_tom_01-200x113.jpg 200w, https:\/\/micdigi.deqm.puc-rio.br\/wp-content\/uploads\/2018\/03\/equip_tom_01-300x169.jpg 300w, https:\/\/micdigi.deqm.puc-rio.br\/wp-content\/uploads\/2018\/03\/equip_tom_01-400x225.jpg 400w, https:\/\/micdigi.deqm.puc-rio.br\/wp-content\/uploads\/2018\/03\/equip_tom_01-600x338.jpg 600w, https:\/\/micdigi.deqm.puc-rio.br\/wp-content\/uploads\/2018\/03\/equip_tom_01-768x432.jpg 768w, https:\/\/micdigi.deqm.puc-rio.br\/wp-content\/uploads\/2018\/03\/equip_tom_01-800x450.jpg 800w, https:\/\/micdigi.deqm.puc-rio.br\/wp-content\/uploads\/2018\/03\/equip_tom_01-1024x576.jpg 1024w, https:\/\/micdigi.deqm.puc-rio.br\/wp-content\/uploads\/2018\/03\/equip_tom_01-1200x675.jpg 1200w, https:\/\/micdigi.deqm.puc-rio.br\/wp-content\/uploads\/2018\/03\/equip_tom_01.jpg 1500w\" sizes=\"(max-width: 1500px) 100vw, 1500px\" \/><\/a><\/div><\/div><\/div><div class=\"swiper-slide\"><div class=\"fusion-carousel-item-wrapper\"><div class=\"fusion-image-wrapper hover-type-none\"><a data-rel=\"iLightbox[image_carousel_1]\" data-title=\"Microtom\u00f3grafo de raios-x\" aria-label=\"Microtom\u00f3grafo de raios-x\" href=\"http:\/\/micdigi.deqm.puc-rio.br\/wp-content\/uploads\/2018\/03\/equip_tom_06.jpg\" target=\"_self\"><img decoding=\"async\" width=\"1500\" height=\"844\" src=\"https:\/\/micdigi.deqm.puc-rio.br\/wp-content\/uploads\/2018\/03\/equip_tom_06.jpg\" class=\"attachment-full size-full\" alt=\"\" srcset=\"https:\/\/micdigi.deqm.puc-rio.br\/wp-content\/uploads\/2018\/03\/equip_tom_06-200x113.jpg 200w, https:\/\/micdigi.deqm.puc-rio.br\/wp-content\/uploads\/2018\/03\/equip_tom_06-300x169.jpg 300w, https:\/\/micdigi.deqm.puc-rio.br\/wp-content\/uploads\/2018\/03\/equip_tom_06-400x225.jpg 400w, https:\/\/micdigi.deqm.puc-rio.br\/wp-content\/uploads\/2018\/03\/equip_tom_06-600x338.jpg 600w, https:\/\/micdigi.deqm.puc-rio.br\/wp-content\/uploads\/2018\/03\/equip_tom_06-768x432.jpg 768w, https:\/\/micdigi.deqm.puc-rio.br\/wp-content\/uploads\/2018\/03\/equip_tom_06-800x450.jpg 800w, https:\/\/micdigi.deqm.puc-rio.br\/wp-content\/uploads\/2018\/03\/equip_tom_06-1024x576.jpg 1024w, https:\/\/micdigi.deqm.puc-rio.br\/wp-content\/uploads\/2018\/03\/equip_tom_06-1200x675.jpg 1200w, https:\/\/micdigi.deqm.puc-rio.br\/wp-content\/uploads\/2018\/03\/equip_tom_06.jpg 1500w\" sizes=\"(max-width: 1500px) 100vw, 1500px\" \/><\/a><\/div><\/div><\/div><div class=\"swiper-slide\"><div class=\"fusion-carousel-item-wrapper\"><div class=\"fusion-image-wrapper hover-type-none\"><a data-rel=\"iLightbox[image_carousel_1]\" data-title=\"Microtom\u00f3grafo de raios-x\" aria-label=\"Microtom\u00f3grafo de raios-x\" href=\"http:\/\/micdigi.deqm.puc-rio.br\/wp-content\/uploads\/2018\/03\/equip_tom_03.jpg\" target=\"_self\"><img decoding=\"async\" width=\"1500\" height=\"844\" src=\"https:\/\/micdigi.deqm.puc-rio.br\/wp-content\/uploads\/2018\/03\/equip_tom_03.jpg\" class=\"attachment-full size-full\" alt=\"\" srcset=\"https:\/\/micdigi.deqm.puc-rio.br\/wp-content\/uploads\/2018\/03\/equip_tom_03-200x113.jpg 200w, https:\/\/micdigi.deqm.puc-rio.br\/wp-content\/uploads\/2018\/03\/equip_tom_03-300x169.jpg 300w, https:\/\/micdigi.deqm.puc-rio.br\/wp-content\/uploads\/2018\/03\/equip_tom_03-400x225.jpg 400w, https:\/\/micdigi.deqm.puc-rio.br\/wp-content\/uploads\/2018\/03\/equip_tom_03-600x338.jpg 600w, https:\/\/micdigi.deqm.puc-rio.br\/wp-content\/uploads\/2018\/03\/equip_tom_03-768x432.jpg 768w, https:\/\/micdigi.deqm.puc-rio.br\/wp-content\/uploads\/2018\/03\/equip_tom_03-800x450.jpg 800w, https:\/\/micdigi.deqm.puc-rio.br\/wp-content\/uploads\/2018\/03\/equip_tom_03-1024x576.jpg 1024w, https:\/\/micdigi.deqm.puc-rio.br\/wp-content\/uploads\/2018\/03\/equip_tom_03-1200x675.jpg 1200w, https:\/\/micdigi.deqm.puc-rio.br\/wp-content\/uploads\/2018\/03\/equip_tom_03.jpg 1500w\" sizes=\"(max-width: 1500px) 100vw, 1500px\" \/><\/a><\/div><\/div><\/div><div class=\"swiper-slide\"><div class=\"fusion-carousel-item-wrapper\"><div class=\"fusion-image-wrapper hover-type-none\"><a data-rel=\"iLightbox[image_carousel_1]\" data-title=\"Microtom\u00f3grafo de raios-x\" aria-label=\"Microtom\u00f3grafo de raios-x\" href=\"http:\/\/micdigi.deqm.puc-rio.br\/wp-content\/uploads\/2018\/03\/equip_tom_04.jpg\" target=\"_self\"><img decoding=\"async\" width=\"1500\" height=\"844\" src=\"https:\/\/micdigi.deqm.puc-rio.br\/wp-content\/uploads\/2018\/03\/equip_tom_04.jpg\" class=\"attachment-full size-full\" alt=\"\" srcset=\"https:\/\/micdigi.deqm.puc-rio.br\/wp-content\/uploads\/2018\/03\/equip_tom_04-200x113.jpg 200w, https:\/\/micdigi.deqm.puc-rio.br\/wp-content\/uploads\/2018\/03\/equip_tom_04-300x169.jpg 300w, https:\/\/micdigi.deqm.puc-rio.br\/wp-content\/uploads\/2018\/03\/equip_tom_04-400x225.jpg 400w, https:\/\/micdigi.deqm.puc-rio.br\/wp-content\/uploads\/2018\/03\/equip_tom_04-600x338.jpg 600w, https:\/\/micdigi.deqm.puc-rio.br\/wp-content\/uploads\/2018\/03\/equip_tom_04-768x432.jpg 768w, https:\/\/micdigi.deqm.puc-rio.br\/wp-content\/uploads\/2018\/03\/equip_tom_04-800x450.jpg 800w, https:\/\/micdigi.deqm.puc-rio.br\/wp-content\/uploads\/2018\/03\/equip_tom_04-1024x576.jpg 1024w, https:\/\/micdigi.deqm.puc-rio.br\/wp-content\/uploads\/2018\/03\/equip_tom_04-1200x675.jpg 1200w, https:\/\/micdigi.deqm.puc-rio.br\/wp-content\/uploads\/2018\/03\/equip_tom_04.jpg 1500w\" sizes=\"(max-width: 1500px) 100vw, 1500px\" \/><\/a><\/div><\/div><\/div><\/div><div class=\"awb-swiper-button awb-swiper-button-prev\"><i class=\"awb-icon-angle-left\" aria-hidden=\"true\"><\/i><\/div><div class=\"awb-swiper-button awb-swiper-button-next\"><i class=\"awb-icon-angle-right\" aria-hidden=\"true\"><\/i><\/div><\/div><\/div><div class=\"fusion-text fusion-text-1\"><ul>\n<li><span style=\"font-size: 16px;\">Zeiss Xradia 510 Versa.<\/span><\/li>\n<li><span style=\"font-size: 16px;\">Sistema de lentes para sele\u00e7\u00e3o de volumes de interesse IVOI\u00b4s).<\/span><\/li>\n<li><span style=\"font-size: 16px;\">At\u00e9 160 kV de energia e 10 W de pot\u00eancia.<\/span><\/li>\n<li><span style=\"font-size: 16px;\">Resolu\u00e7\u00e3o espacial de at\u00e9 0,7 \u00b5m.<\/span><\/li>\n<li><span style=\"font-size: 16px;\">Permite a forma\u00e7\u00e3o de imagens em mosaico 3D.<\/span><\/li>\n<\/ul>\n<p style=\"text-align: left;\"><span style=\"font-size: 16px;\"><strong>ATEN\u00c7\u00c3O:<\/strong><\/span><\/p>\n<p style=\"text-align: left;\"><span style=\"font-size: 16px;\"><strong>Para solicitar servi\u00e7os com estes equipamentos,<br \/>\nconhecer as condi\u00e7\u00f5es e prazos,<br \/>\npor favor entre em contato com<br \/>\n<a href=\"mailto:marcosh@puc-rio.br\" target=\"_blank\" rel=\"noopener\">Marcos Henrique de Pinho Mauricio<\/a>.<\/strong><\/span><\/p>\n<\/div><div class=\"fusion-sep-clear\"><\/div><div class=\"fusion-separator fusion-full-width-sep\" style=\"margin-left: auto;margin-right: auto;margin-top:30px;margin-bottom:20px;width:100%;\"><div class=\"fusion-separator-border sep-single sep-solid\" style=\"--awb-height:20px;--awb-amount:20px;--awb-sep-color:var(--awb-color6);border-color:var(--awb-color6);border-top-width:1px;\"><\/div><\/div><div class=\"fusion-sep-clear\"><\/div><div class=\"fusion-text fusion-text-2\"><p><strong>Outros equipamentos:<\/strong><\/p>\n<ul>\n<li><a href=\"https:\/\/micdigi.deqm.puc-rio.br\/microscopios-oticos-automatizados\/\">Microsc\u00f3pios \u00d3ticos Automatizados<\/a><\/li>\n<li><a href=\"https:\/\/micdigi.deqm.puc-rio.br\/analisador-de-particulas\/\">Analisador de Part\u00edculas<\/a><\/li>\n<\/ul>\n<\/div><div class=\"fusion-clearfix\"><\/div><\/div><\/div><\/div><\/div><div class=\"fusion-fullwidth fullwidth-box fusion-builder-row-2 fusion-flex-container has-pattern-background has-mask-background nonhundred-percent-fullwidth non-hundred-percent-height-scrolling\" style=\"--awb-border-radius-top-left:0px;--awb-border-radius-top-right:0px;--awb-border-radius-bottom-right:0px;--awb-border-radius-bottom-left:0px;--awb-flex-wrap:wrap;\" ><div class=\"fusion-builder-row fusion-row fusion-flex-align-items-flex-start fusion-flex-content-wrap\" style=\"max-width:1144px;margin-left: calc(-4% \/ 2 );margin-right: calc(-4% \/ 2 );\"><\/div><\/div><\/p>\n","protected":false},"excerpt":{"rendered":"","protected":false},"author":1,"featured_media":0,"parent":0,"menu_order":0,"comment_status":"closed","ping_status":"closed","template":"","meta":{"footnotes":""},"class_list":["post-620","page","type-page","status-publish","hentry"],"_links":{"self":[{"href":"https:\/\/micdigi.deqm.puc-rio.br\/en\/wp-json\/wp\/v2\/pages\/620","targetHints":{"allow":["GET"]}}],"collection":[{"href":"https:\/\/micdigi.deqm.puc-rio.br\/en\/wp-json\/wp\/v2\/pages"}],"about":[{"href":"https:\/\/micdigi.deqm.puc-rio.br\/en\/wp-json\/wp\/v2\/types\/page"}],"author":[{"embeddable":true,"href":"https:\/\/micdigi.deqm.puc-rio.br\/en\/wp-json\/wp\/v2\/users\/1"}],"replies":[{"embeddable":true,"href":"https:\/\/micdigi.deqm.puc-rio.br\/en\/wp-json\/wp\/v2\/comments?post=620"}],"version-history":[{"count":6,"href":"https:\/\/micdigi.deqm.puc-rio.br\/en\/wp-json\/wp\/v2\/pages\/620\/revisions"}],"predecessor-version":[{"id":638,"href":"https:\/\/micdigi.deqm.puc-rio.br\/en\/wp-json\/wp\/v2\/pages\/620\/revisions\/638"}],"wp:attachment":[{"href":"https:\/\/micdigi.deqm.puc-rio.br\/en\/wp-json\/wp\/v2\/media?parent=620"}],"curies":[{"name":"wp","href":"https:\/\/api.w.org\/{rel}","templated":true}]}}