{"id":234,"date":"2018-03-16T14:35:45","date_gmt":"2018-03-16T14:35:45","guid":{"rendered":"http:\/\/micdigi.deqm.puc-rio.br\/?page_id=234"},"modified":"2024-10-03T14:03:11","modified_gmt":"2024-10-03T17:03:11","slug":"imagens","status":"publish","type":"page","link":"https:\/\/micdigi.deqm.puc-rio.br\/en\/imagens\/","title":{"rendered":"Images"},"content":{"rendered":"<div class=\"fusion-fullwidth fullwidth-box fusion-builder-row-1 hundred-percent-fullwidth non-hundred-percent-height-scrolling\" style=\"--awb-border-radius-top-left:0px;--awb-border-radius-top-right:0px;--awb-border-radius-bottom-right:0px;--awb-border-radius-bottom-left:0px;--awb-flex-wrap:wrap;\" ><div class=\"fusion-builder-row fusion-row\"><div class=\"fusion-layout-column fusion_builder_column fusion-builder-column-0 fusion_builder_column_1_4 1_4 fusion-one-fourth fusion-column-first\" style=\"--awb-bg-size:cover;width:25%;width:calc(25% - ( ( 4% + 4% ) * 0.25 ) );margin-right: 4%;\"><div class=\"fusion-column-wrapper fusion-flex-column-wrapper-legacy\"><div class=\"fusion-text fusion-text-1\"><\/div><div class=\"fusion-text fusion-text-2\"><\/div><div class=\"fusion-clearfix\"><\/div><\/div><\/div><div class=\"fusion-layout-column fusion_builder_column fusion-builder-column-1 fusion_builder_column_1_2 1_2 fusion-one-half\" style=\"--awb-bg-size:cover;width:50%;width:calc(50% - ( ( 4% + 4% ) * 0.5 ) );margin-right: 4%;\"><div class=\"fusion-column-wrapper fusion-flex-column-wrapper-legacy\"><div class=\"fusion-text fusion-text-3\"><p style=\"text-align: center;\">Navegue no banco de imagens com as setas laterais.<\/p>\n<p style=\"text-align: center;\">Clique sobre a imagem para ver mais informa\u00e7\u00e3o.<\/p>\n<\/div><div class=\"fusion-text fusion-text-4\"><\/div><div class=\"fusion-image-carousel fusion-image-carousel-auto fusion-image-carousel-1 lightbox-enabled fusion-carousel-border awb-image-carousel-top-below-caption\"><div class=\"awb-carousel awb-swiper awb-swiper-carousel awb-swiper-dots-position-bottom awb-carousel--carousel awb-imageframe-style awb-imageframe-style-below awb-imageframe-style-1\" data-layout=\"carousel\" data-autoplay=\"no\" data-autoplayspeed=\"2500\" data-autoplaypause=\"no\" data-columns=\"1\" data-itemmargin=\"13\" data-itemwidth=\"180\" data-touchscroll=\"no\" data-freemode=\"no\" data-imagesize=\"auto\" data-centeredslides=\"no\" data-rotationangle=\"50\" data-depth=\"100\" data-speed=\"500\" data-shadow=\"no\" style=\"--awb-columns:1;\"><div class=\"swiper-wrapper awb-image-carousel-wrapper fusion-flex-align-items-center\"><div class=\"swiper-slide\"><div class=\"fusion-carousel-item-wrapper\"><div class=\"fusion-image-wrapper hover-type-zoomin\"><a data-rel=\"iLightbox[image_carousel_1]\" href=\"http:\/\/micdigi.deqm.puc-rio.br\/wp-content\/uploads\/2018\/03\/BF.jpg\" target=\"_self\"><img decoding=\"async\" src=\"http:\/\/micdigi.deqm.puc-rio.br\/wp-content\/uploads\/2018\/03\/BF.jpg\" alt=\"\"\/><\/a><\/div><div class=\"awb-imageframe-caption-container\"><div class=\"awb-imageframe-caption\"><\/div><\/div><\/div><\/div><div class=\"swiper-slide\"><div class=\"fusion-carousel-item-wrapper\"><div class=\"fusion-image-wrapper hover-type-zoomin\"><a data-rel=\"iLightbox[image_carousel_1]\" href=\"http:\/\/micdigi.deqm.puc-rio.br\/wp-content\/uploads\/2018\/03\/CPOL.jpg\" target=\"_self\"><img decoding=\"async\" src=\"http:\/\/micdigi.deqm.puc-rio.br\/wp-content\/uploads\/2018\/03\/CPOL.jpg\" alt=\"\"\/><\/a><\/div><div class=\"awb-imageframe-caption-container\"><div class=\"awb-imageframe-caption\"><\/div><\/div><\/div><\/div><div class=\"swiper-slide\"><div class=\"fusion-carousel-item-wrapper\"><div class=\"fusion-image-wrapper hover-type-zoomin\"><a data-rel=\"iLightbox[image_carousel_1]\" href=\"http:\/\/micdigi.deqm.puc-rio.br\/wp-content\/uploads\/2018\/04\/IRONORE.jpg\" target=\"_self\"><img decoding=\"async\" src=\"http:\/\/micdigi.deqm.puc-rio.br\/wp-content\/uploads\/2018\/04\/IRONORE.jpg\" alt=\"\"\/><\/a><\/div><div class=\"awb-imageframe-caption-container\"><div class=\"awb-imageframe-caption\"><\/div><\/div><\/div><\/div><div class=\"swiper-slide\"><div class=\"fusion-carousel-item-wrapper\"><div class=\"fusion-image-wrapper hover-type-zoomin\"><a data-rel=\"iLightbox[image_carousel_1]\" href=\"http:\/\/micdigi.deqm.puc-rio.br\/wp-content\/uploads\/2018\/04\/Ironore_Corr.jpg\" target=\"_self\"><img decoding=\"async\" src=\"http:\/\/micdigi.deqm.puc-rio.br\/wp-content\/uploads\/2018\/04\/Ironore_Corr.jpg\" alt=\"\"\/><\/a><\/div><div class=\"awb-imageframe-caption-container\"><div class=\"awb-imageframe-caption\"><\/div><\/div><\/div><\/div><div class=\"swiper-slide\"><div class=\"fusion-carousel-item-wrapper\"><div class=\"fusion-image-wrapper hover-type-zoomin\"><a data-rel=\"iLightbox[image_carousel_1]\" href=\"http:\/\/micdigi.deqm.puc-rio.br\/wp-content\/uploads\/2018\/04\/CPOL_Crop.jpg\" target=\"_self\"><img decoding=\"async\" src=\"http:\/\/micdigi.deqm.puc-rio.br\/wp-content\/uploads\/2018\/04\/CPOL_Crop.jpg\" alt=\"\"\/><\/a><\/div><div class=\"awb-imageframe-caption-container\"><div class=\"awb-imageframe-caption\"><\/div><\/div><\/div><\/div><div class=\"swiper-slide\"><div class=\"fusion-carousel-item-wrapper\"><div class=\"fusion-image-wrapper hover-type-zoomin\"><a data-rel=\"iLightbox[image_carousel_1]\" href=\"http:\/\/micdigi.deqm.puc-rio.br\/wp-content\/uploads\/2018\/04\/CPOL_Crop_NLM_Auto.jpg\" target=\"_self\"><img decoding=\"async\" src=\"http:\/\/micdigi.deqm.puc-rio.br\/wp-content\/uploads\/2018\/04\/CPOL_Crop_NLM_Auto.jpg\" alt=\"\"\/><\/a><\/div><div class=\"awb-imageframe-caption-container\"><div class=\"awb-imageframe-caption\"><\/div><\/div><\/div><\/div><div class=\"swiper-slide\"><div class=\"fusion-carousel-item-wrapper\"><div class=\"fusion-image-wrapper hover-type-zoomin\"><a data-rel=\"iLightbox[image_carousel_1]\" data-title=\"SHCC\" aria-label=\"SHCC\" href=\"http:\/\/micdigi.deqm.puc-rio.br\/wp-content\/uploads\/2019\/08\/SHCC.png\" target=\"_self\"><img decoding=\"async\" width=\"960\" height=\"953\" src=\"https:\/\/micdigi.deqm.puc-rio.br\/wp-content\/uploads\/2019\/08\/SHCC.png\" class=\"attachment-full size-full\" alt=\"\" srcset=\"https:\/\/micdigi.deqm.puc-rio.br\/wp-content\/uploads\/2019\/08\/SHCC-66x66.png 66w, https:\/\/micdigi.deqm.puc-rio.br\/wp-content\/uploads\/2019\/08\/SHCC-150x150.png 150w, https:\/\/micdigi.deqm.puc-rio.br\/wp-content\/uploads\/2019\/08\/SHCC-200x199.png 200w, https:\/\/micdigi.deqm.puc-rio.br\/wp-content\/uploads\/2019\/08\/SHCC-300x298.png 300w, https:\/\/micdigi.deqm.puc-rio.br\/wp-content\/uploads\/2019\/08\/SHCC-400x397.png 400w, https:\/\/micdigi.deqm.puc-rio.br\/wp-content\/uploads\/2019\/08\/SHCC-600x596.png 600w, https:\/\/micdigi.deqm.puc-rio.br\/wp-content\/uploads\/2019\/08\/SHCC-768x762.png 768w, https:\/\/micdigi.deqm.puc-rio.br\/wp-content\/uploads\/2019\/08\/SHCC-800x794.png 800w, https:\/\/micdigi.deqm.puc-rio.br\/wp-content\/uploads\/2019\/08\/SHCC.png 960w\" sizes=\"(max-width: 960px) 100vw, 960px\" \/><\/a><\/div><div class=\"awb-imageframe-caption-container\"><div class=\"awb-imageframe-caption\"><h2 class=\"awb-imageframe-caption-title\">SHCC<\/h2><\/div><\/div><\/div><\/div><div class=\"swiper-slide\"><div class=\"fusion-carousel-item-wrapper\"><div class=\"fusion-image-wrapper hover-type-zoomin\"><a data-rel=\"iLightbox[image_carousel_1]\" data-caption=\"Visualiza\u00e7\u00e3o 3D de poros em uma solda molhada subaqu\u00e1tica. Imagem obtida por microtomografia de raios-x e codificada por espessura local.\" data-title=\"Pore Thickness Variation\" aria-label=\"Pore Thickness Variation\" href=\"http:\/\/micdigi.deqm.puc-rio.br\/wp-content\/uploads\/2018\/04\/Pore-Thickness-Variation.jpg\" target=\"_self\"><img decoding=\"async\" width=\"1346\" height=\"901\" src=\"https:\/\/micdigi.deqm.puc-rio.br\/wp-content\/uploads\/2018\/04\/Pore-Thickness-Variation.jpg\" class=\"attachment-full size-full\" alt=\"\" srcset=\"https:\/\/micdigi.deqm.puc-rio.br\/wp-content\/uploads\/2018\/04\/Pore-Thickness-Variation-200x134.jpg 200w, https:\/\/micdigi.deqm.puc-rio.br\/wp-content\/uploads\/2018\/04\/Pore-Thickness-Variation-300x201.jpg 300w, https:\/\/micdigi.deqm.puc-rio.br\/wp-content\/uploads\/2018\/04\/Pore-Thickness-Variation-400x268.jpg 400w, https:\/\/micdigi.deqm.puc-rio.br\/wp-content\/uploads\/2018\/04\/Pore-Thickness-Variation-600x402.jpg 600w, https:\/\/micdigi.deqm.puc-rio.br\/wp-content\/uploads\/2018\/04\/Pore-Thickness-Variation-768x514.jpg 768w, https:\/\/micdigi.deqm.puc-rio.br\/wp-content\/uploads\/2018\/04\/Pore-Thickness-Variation-800x536.jpg 800w, https:\/\/micdigi.deqm.puc-rio.br\/wp-content\/uploads\/2018\/04\/Pore-Thickness-Variation-1024x685.jpg 1024w, https:\/\/micdigi.deqm.puc-rio.br\/wp-content\/uploads\/2018\/04\/Pore-Thickness-Variation-1200x803.jpg 1200w, https:\/\/micdigi.deqm.puc-rio.br\/wp-content\/uploads\/2018\/04\/Pore-Thickness-Variation.jpg 1346w\" sizes=\"(max-width: 1346px) 100vw, 1346px\" \/><\/a><\/div><div class=\"awb-imageframe-caption-container\"><div class=\"awb-imageframe-caption\"><h2 class=\"awb-imageframe-caption-title\">Pore Thickness Variation<\/h2><p class=\"awb-imageframe-caption-text\">Visualiza\u00e7\u00e3o 3D de poros em uma solda molhada subaqu\u00e1tica. Imagem obtida por microtomografia de raios-x e codificada por espessura local.<\/p><\/div><\/div><\/div><\/div><div class=\"swiper-slide\"><div class=\"fusion-carousel-item-wrapper\"><div class=\"fusion-image-wrapper hover-type-zoomin\"><a data-rel=\"iLightbox[image_carousel_1]\" data-caption=\"Visualiza\u00e7\u00e3o de g\u00e2nglios de \u00f3leo em um meio poroso ap\u00f3s recupera\u00e7\u00e3o secund\u00e1ria e terci\u00e1ria.\" href=\"http:\/\/micdigi.deqm.puc-rio.br\/wp-content\/uploads\/2019\/08\/EOR.png\" target=\"_self\"><img decoding=\"async\" width=\"1563\" height=\"703\" src=\"https:\/\/micdigi.deqm.puc-rio.br\/wp-content\/uploads\/2019\/08\/EOR.png\" class=\"attachment-full size-full\" alt=\"\" srcset=\"https:\/\/micdigi.deqm.puc-rio.br\/wp-content\/uploads\/2019\/08\/EOR-200x90.png 200w, https:\/\/micdigi.deqm.puc-rio.br\/wp-content\/uploads\/2019\/08\/EOR-300x135.png 300w, https:\/\/micdigi.deqm.puc-rio.br\/wp-content\/uploads\/2019\/08\/EOR-400x180.png 400w, https:\/\/micdigi.deqm.puc-rio.br\/wp-content\/uploads\/2019\/08\/EOR-600x270.png 600w, https:\/\/micdigi.deqm.puc-rio.br\/wp-content\/uploads\/2019\/08\/EOR-768x345.png 768w, https:\/\/micdigi.deqm.puc-rio.br\/wp-content\/uploads\/2019\/08\/EOR-800x360.png 800w, https:\/\/micdigi.deqm.puc-rio.br\/wp-content\/uploads\/2019\/08\/EOR-1024x461.png 1024w, https:\/\/micdigi.deqm.puc-rio.br\/wp-content\/uploads\/2019\/08\/EOR-1200x540.png 1200w, https:\/\/micdigi.deqm.puc-rio.br\/wp-content\/uploads\/2019\/08\/EOR.png 1563w\" sizes=\"(max-width: 1563px) 100vw, 1563px\" \/><\/a><\/div><div class=\"awb-imageframe-caption-container\"><div class=\"awb-imageframe-caption\"><p class=\"awb-imageframe-caption-text\">Visualiza\u00e7\u00e3o de g\u00e2nglios de \u00f3leo em um meio poroso ap\u00f3s recupera\u00e7\u00e3o secund\u00e1ria e terci\u00e1ria.<\/p><\/div><\/div><\/div><\/div><\/div><div class=\"awb-swiper-button awb-swiper-button-prev\"><i class=\"awb-icon-angle-left\" aria-hidden=\"true\"><\/i><\/div><div class=\"awb-swiper-button awb-swiper-button-next\"><i class=\"awb-icon-angle-right\" aria-hidden=\"true\"><\/i><\/div><\/div><\/div><div class=\"fusion-clearfix\"><\/div><\/div><\/div><div class=\"fusion-layout-column fusion_builder_column fusion-builder-column-2 fusion_builder_column_1_4 1_4 fusion-one-fourth fusion-column-last\" style=\"--awb-bg-size:cover;width:25%;width:calc(25% - ( ( 4% + 4% ) * 0.25 ) );\"><div class=\"fusion-column-wrapper fusion-flex-column-wrapper-legacy\"><div class=\"fusion-text fusion-text-5\"><\/div><div class=\"fusion-text fusion-text-6\"><\/div><div class=\"fusion-clearfix\"><\/div><\/div><\/div><\/div><\/div>\n","protected":false},"excerpt":{"rendered":"","protected":false},"author":3,"featured_media":0,"parent":0,"menu_order":0,"comment_status":"closed","ping_status":"closed","template":"","meta":{"footnotes":""},"class_list":["post-234","page","type-page","status-publish","hentry"],"_links":{"self":[{"href":"https:\/\/micdigi.deqm.puc-rio.br\/en\/wp-json\/wp\/v2\/pages\/234","targetHints":{"allow":["GET"]}}],"collection":[{"href":"https:\/\/micdigi.deqm.puc-rio.br\/en\/wp-json\/wp\/v2\/pages"}],"about":[{"href":"https:\/\/micdigi.deqm.puc-rio.br\/en\/wp-json\/wp\/v2\/types\/page"}],"author":[{"embeddable":true,"href":"https:\/\/micdigi.deqm.puc-rio.br\/en\/wp-json\/wp\/v2\/users\/3"}],"replies":[{"embeddable":true,"href":"https:\/\/micdigi.deqm.puc-rio.br\/en\/wp-json\/wp\/v2\/comments?post=234"}],"version-history":[{"count":10,"href":"https:\/\/micdigi.deqm.puc-rio.br\/en\/wp-json\/wp\/v2\/pages\/234\/revisions"}],"predecessor-version":[{"id":573,"href":"https:\/\/micdigi.deqm.puc-rio.br\/en\/wp-json\/wp\/v2\/pages\/234\/revisions\/573"}],"wp:attachment":[{"href":"https:\/\/micdigi.deqm.puc-rio.br\/en\/wp-json\/wp\/v2\/media?parent=234"}],"curies":[{"name":"wp","href":"https:\/\/api.w.org\/{rel}","templated":true}]}}