{"id":23,"date":"2017-11-30T16:01:46","date_gmt":"2017-11-30T16:01:46","guid":{"rendered":"http:\/\/micdigi.deqm.puc-rio.br\/?page_id=23"},"modified":"2020-03-12T23:32:27","modified_gmt":"2020-03-13T02:32:27","slug":"publicacoes-2","status":"publish","type":"page","link":"https:\/\/micdigi.deqm.puc-rio.br\/en\/publicacoes-2\/","title":{"rendered":"Recent Publications"},"content":{"rendered":"<table id=\"tablepress-3\" class=\"tablepress tablepress-id-3\">\n<thead>\n<tr class=\"row-1\">\n\t<th class=\"column-1\">Click on the publication to access the original article<\/th>\n<\/tr>\n<\/thead>\n<tbody class=\"row-striping row-hover\">\n<tr class=\"row-2\">\n\t<td class=\"column-1\"><a href=\"https:\/\/doi.org\/10.1007\/s13202-025-01959-z\" rel=\"noopener\" target=\"_blank\">BARBOSA NOGUEIRA, MARIO JUNIOR; CHAUQUE, SUSANA; SPERATI, VALERIA; SAVIO, LETIZIA; DIVITINI, GIORGIO ; PASQUALE, LEA ; MARRAS, SERGIO ; FRANCHI, PAOLA ; Paciornik, Sydney; PROIETTI ZACCARIA, REMO ; GINOBLE PANDOLI, OMAR . Untreated bamboo biochar as anode material for sustainable lithium ion batteries. BIOMASS &amp; BIOENERGY, v. 193, p. 107511, 2025. <\/a><\/td>\n<\/tr>\n<tr class=\"row-3\">\n\t<td class=\"column-1\"><a href=\"https:\/\/doi.org\/10.1016\/j.powtec.2025.121046\" rel=\"noopener\" target=\"_blank\">LIMA, IGOR NOGUEIRA ; AUGUSTO, KAREN SOARES ; MAURICIO, MARCOS HENRIQUE DE PINHO ; DA SILVA JUNIOR, FRANCISCO JOS\u00c9 RODRIGUES ; SANTOS, RICHARD BRYAN MAGALH\u00c3ES ; FERREIRA, BERNARDO AMARAL PASCARELLI ; DOMINGUES, ALEI LEITE ALCANTARA ; RESENDE, VALDIRENE GONZAGA DE ; Paciornik, Sidnei . Pore network modeling of iron ore agglomerates: Development of a methodology based on X-ray microtomography. POWDER TECHNOLOGY, v. 460, p. 121046, 2025.<\/a><\/td>\n<\/tr>\n<tr class=\"row-4\">\n\t<td class=\"column-1\"><a href=\"https:\/\/doi.org\/10.1016\/j.biombioe.2024.107511\" rel=\"noopener\" target=\"_blank\">RODRIGUES DA SILVA, FJ; VELLOSO, RQ; PACIORNIK, S. ; MAURICIO, MHP; ZHEMCHUZHNIKOV, A. Characterization of the pore-mechanical properties of synthetic coquinas using 3D imaging techniques. Journal Of Petroleum Exploration And Production Technology, v. 15, p. 79, 2025.<\/a><\/td>\n<\/tr>\n<tr class=\"row-5\">\n\t<td class=\"column-1\"><a href=\"https:\/\/doi.org\/10.1016\/j.jobe.2024.108487\" rel=\"noopener\" target=\"_blank\">DE ALMEIDA FERREIRA, ISABEL CHRISTINA; Paciornik, Sydney; BY ANDRADE SILVA, FL\u00c1VIO. Microstructural investigation of concretes with recycled aggregates using X-ray microtomography. JOURNAL OF BUILDING ENGINEERING, vol. 84, p. 108487, 2024.<\/a><\/td>\n<\/tr>\n<tr class=\"row-6\">\n\t<td class=\"column-1\"><a href=\"https:\/\/doi.org\/10.1016\/j.jobe.2024.108487\" rel=\"noopener\" target=\"_blank\">DE ALMEIDA FERREIRA, ISABEL CHRISTINA; Paciornik, Sydney; BY ANDRADE SILVA, FL\u00c1VIO. Microstructural investigation of concretes with recycled aggregates using X-ray microtomography. JOURNAL OF BUILDING ENGINEERING, vol. 84, p. 108487, 2024.<\/a><\/td>\n<\/tr>\n<tr class=\"row-7\">\n\t<td class=\"column-1\"><a href=\"https:\/\/doi.org\/10.1016\/j.mineng.2024.108730\" rel=\"noopener\" target=\"_blank\">CALDAS, THALITA DIAS PINHEIRO ; AUGUSTO, KAREN SOARES ; Iglesias, Julio Cesar Alvarez ; FERREIRA, BERNARDO AMARAL PASCARELLI ; SANTOS, RICHARD BRYAN MAGALH\u00c3ES ; Paciornik, Sidnei ; DOMINGUES, ALEI LEITE ALCANTARA. A methodology for phase characterization in pellet feed using digital microscopy and deep learning. MINERALS ENGINEERING, v. 212, p. 108730, 2024.<\/a><\/td>\n<\/tr>\n<tr class=\"row-8\">\n\t<td class=\"column-1\"><a href=\"https:\/\/doi.org\/10.1016\/j.mineng.2024.108681\" rel=\"noopener\" target=\"_blank\">AMARAL PASCARELLI FERREIRA, BERNARDO ; SOARES AUGUSTO, KAREN ; C\u00c9SAR \u00c1LVAREZ IGLESIAS, JULIO ; DIAS PINHEIRO CALDAS, THALITA ; BRYAN MAGALH\u00c3ES SANTOS, RICHARD ; Paciornik, Sidnei. Instance segmentation of quartz in iron ore optical microscopy images by deep learning. MINERALS ENGINEERING, v. 211, p. 108681, 2024.<\/a><\/td>\n<\/tr>\n<tr class=\"row-9\">\n\t<td class=\"column-1\"><a href=\"https:\/\/doi.org\/10.3390\/ma16052118\" rel=\"noopener\" target=\"_blank\">DE LA HOZ ALFORD, LORENLEYN ; DE SOUZA, CAMILA GOMES PE\u00c7ANHA; Paciornik, Sydney; D?ALMEIDA, JOS\u00c9 ROBERTO M. ; LEITE, BRENNO SANTOS ; AVILA, HAROLD C. ; L\u00c9ONARD, FABIEN ; BRUNO, GIOVANNI. Three-Dimensional Characterization of Polyurethane Foams Based on Biopolyols. Materials, vol. 16, p. 2118, 2023.<\/a><\/td>\n<\/tr>\n<tr class=\"row-10\">\n\t<td class=\"column-1\"><a href=\"https:\/\/doi.org\/10.1007\/s10570-023-05197-6\" rel=\"noopener\" target=\"_blank\">DA ROCHA RODRIGUES, ELTON JORGE; PINTO CUCINELLI NETO, ROBERTO ; DINIZ LOPES ALVES, HAIMON ; Paciornik, Sydney; SANTOS DE S\u00c1, DRUVAL; GHAVAMI, Khosrow; GINOBLE PANDOLI, OMAR. An investigation of the fluid-holding cavities in a lignocellulose-based bamboo matrix via a combined X-ray microtomography and proton time-domain NMR approach. Cellulose, vol. online, p. 1-16, 2023.<\/a><\/td>\n<\/tr>\n<tr class=\"row-11\">\n\t<td class=\"column-1\"><a href=\"https:\/\/doi.org\/10.1016\/j.carbon.2023.118214\" rel=\"noopener\" target=\"_blank\">GONTIJO, LAYNE OL ; JUNIOR, MARIO N. BARBOSA ; SANTOS DE S\u00c1, DRUVAL ; LETICHEVSKY, SONIA ; PEDROZO-PE\u00d1AFIEL, MARLIN J. ; AUC\u00c9LIO, RICARDO Q. ; BOTT, IVANI S. ; DINIZ LOPES ALVES, HAIMON ; FRAGNEAUD, BENJAMIN ; OLIVEIRA MACIEL, INDHIRA ; LINHARES ROSSI, ANDR\u00c9 ; SAVIO, LETIZIA ; CARRARO, GIOVANNI ; ANJA, DOSEN ; LAZARO FREIRE, FERNANDO ; KHOSROW, GHAVAMI ; Paciornik, Sidnei ; GINOBLE PANDOLI, OMAR. 3D conductive monolithic carbons from pyrolyzed bamboo for microfluidic self-heating system. CARBON, vol. 213, p. 118214, 2023.<\/a><\/td>\n<\/tr>\n<tr class=\"row-12\">\n\t<td class=\"column-1\"><a href=\"https:\/\/doi.org\/10.1038\/s41598-023-48442-5\" rel=\"noopener\" target=\"_blank\">LIMA, NICOLLE; PARSA, SHIMA ; Paciornik, Sydney; CARVALHO, MARCIO S. Foam formation during drainage of a surfactant solution in a microfluidic porous medium model. Scientific Reports, vol. 13, p. 21802, 2023.<\/a><\/td>\n<\/tr>\n<tr class=\"row-13\">\n\t<td class=\"column-1\"><a href=\"https:\/\/doi.org\/10.1007\/s00226-023-01483-5\" rel=\"noopener\" target=\"_blank\">PALOMBINI, FL ; DE OLIVEIRA, BRANCA FREITAS ; NOGUEIRA, FERNANDA MAYARA ; MAURICIO, MARCOS HENRIQUE DE PINHO ; PACIORNIK, S. ; MARIATH, JORGE ERNESTO DE ARAUJO.3D cellular characterization and finite element analysis of cork compressive behavior based on high-resolution X-ray microtomography. WOOD SCIENCE AND TECHNOLOGY, v. 57, p. 903-928, 2023.<\/a><\/td>\n<\/tr>\n<tr class=\"row-14\">\n\t<td class=\"column-1\"><a href=\"https:\/\/doi.org\/10.1016\/j.conbuildmat.2022.126558\" rel=\"noopener\" target=\"_blank\">LORENZONI, RENATA ; LIMA, VICTOR NOGUEIRA ; FIGUEIREDO, TATHIANA CARAM SP ; HERING, MARCUS ; Paciornik, Sydney; CURBACH, MANFRED ; MECHTCHERINE, VIKTOR ; BY ANDRADE SILVA, FL\u00c1VIO. Macro and meso analysis of cement-based materials subjected to triaxial and uniaxial loading using X-ray microtomography and digital volume correlation. CONSTRUCTION AND BUILDING MATERIALS, v. 323, p. 126558, 2022.<\/a><\/td>\n<\/tr>\n<tr class=\"row-15\">\n\t<td class=\"column-1\"><a href=\"https:\/\/doi.org\/10.1007\/s10562-022-03923-6\" rel=\"noopener\" target=\"_blank\">DE S\u00c1, DRUVAL SANTOS; DA ROCHA RODRIGUES, ELTON JORGE; SUGUIHIRO, NATASHA MIDORI ; DA VEIGA, AMANDA GARCEZ; Paciornik, Sydney; MASSI, ALESSANDRO; GINOBLE PANDOLI, OMAR. One-Pot Synthesis of Carboxymethylcellulose-Templated Copper-NPs for Heterocatalytic Huisgen-Click Reactions on Lignocellulosic Bamboo Slices. Catalysis Letters, vol. 1, p. 1, 2022.<\/a><\/td>\n<\/tr>\n<tr class=\"row-16\">\n\t<td class=\"column-1\"><a href=\"https:\/\/doi.org\/10.1016\/j.coal.2022.104111\" rel=\"noopener\" target=\"_blank\">SANTOS, RICHARD BRYAN MAGALHAES ; AUGUSTO, KAREN SOARES ; IGLESIAS, JULIO C\u00c9SAR \u00c1LVAREZ ; RODRIGUES, S. ; PACIORNIK, S. ; ESTERLE, J. ; DOMINGUES, ALEI LEITE ALC\u00c2NTARA. A deep learning system for collotelinite segmentation and coal reflectance determination. INTERNATIONAL JOURNAL OF COAL GEOLOGY, v. 263, p. 104111, 2022.<\/a><\/td>\n<\/tr>\n<tr class=\"row-17\">\n\t<td class=\"column-1\"><a href=\"https:\/\/doi.org\/10.1016\/j.jobe.2021.103126\" rel=\"noopener\" target=\"_blank\">LORENZONI, RENATA ; TINOCO, MATHEUS ; Paciornik, Sydney; BY ANDRADE SILVA, FL\u00c1VIO. The use of X-ray microtomography to investigate the shear behavior of hybrid fiber reinforced strain hardening cementitious composites. JOURNAL OF BUILDING ENGINEERING, vol. 43, p. 103126, 2021.<\/a><\/td>\n<\/tr>\n<tr class=\"row-18\">\n\t<td class=\"column-1\"><a href=\"https:\/\/doi.org\/10.1002\/adem.202100763\" rel=\"noopener\" target=\"_blank\">KUPSCH, ANDREAS ; LAQUAI, REN\u00c9; M\u00dcLLER, BERND R. ; Paciornik, Sydney; HORVATH, J\u00dcRGEN ; TUSHTEV, KAMEN ; REZWAN, KUROSCH ; BRUNO, GIOVANNI. Evolution of Damage in All-Oxide Ceramic Matrix Composite After Cyclic Loading. Advanced Engineering Materials, vol. 24, p. 2100763, 2021.<\/a><\/td>\n<\/tr>\n<tr class=\"row-19\">\n\t<td class=\"column-1\"><a href=\"https:\/\/doi.org\/10.1016\/j.petrol.2020.108134\" rel=\"noopener\" target=\"_blank\">SCHEFFER, KAMILA; M\u00c9HEUST, YVES ; CARVALHO, MARCIO S. ; MAURICIO, MARCOS H. ; Paciornik, Sydney. Enhancement of oil recovery by emulsion injection: A pore scale analysis from X-ray micro-tomography measurements. JOURNAL OF PETROLEUM SCIENCE AND ENGINEERING, v. 198, p. 108134, 2021.<\/a><\/td>\n<\/tr>\n<tr class=\"row-20\">\n\t<td class=\"column-1\"><a href=\"https:\/\/doi.org\/10.1590\/0370-44672019730119\" rel=\"noopener\" target=\"_blank\">BEZERRA, EMANUELLA; AUGUSTO, KAREN; Paciornik, Sydney. Discrimination of pores and cracks in iron ore pellets using deep learning neural networks. REM - International Engineering Journal, v. 73(2), p. 197-203, 2020.<\/a><\/td>\n<\/tr>\n<tr class=\"row-21\">\n\t<td class=\"column-1\"><a href=\"http:\/\/dx.doi.org\/10.1016\/j.cemconcomp.2020.103551\" rel=\"noopener\" target=\"_blank\">LORENZONI, RENATA; CUROSU, IURIE; Paciornik, Sydney; MECHTCHERINE, VIKTOR; OPPERMANN, MARTIN; SILVA, FLAVIO. Semantic segmentation of the micro-structure of strain-hardening cement-based composites (SHCC) by applying deep learning on micro-computed tomography scans. CEMENT &amp; CONCRETE COMPOSITES, v. 108, p. 103551, 2020.<\/a><\/td>\n<\/tr>\n<tr class=\"row-22\">\n\t<td class=\"column-1\"><a href=\"http:\/\/dx.doi.org\/10.1002\/adem.201901197\" rel=\"noopener\" target=\"_blank\">EVSEVLEEV, SERGEI; Paciornik, Sydney; BRUNO, GIOVANNI. Advanced Deep Learning-Based 3D Microstructural Characterization of Multiphase Metal Matrix Composites. ADVANCED ENGINEERING MATERIALS, v. 1, p. 1901197, 2020.<\/a><\/td>\n<\/tr>\n<tr class=\"row-23\">\n\t<td class=\"column-1\"><a href=\"http:\/\/dx.doi.org\/10.1111\/iej.13141\" rel=\"noopener\" target=\"_blank\">De-Deus G.; RODRIGUES, EA; BELLADONNA, FG; SIM\u00d5ES&#039;CARVALHO, M.; CAVALCANTE, DM; OLIVEIRA, DS; Souza, EM; GIORGI, KA; Versiani, MA; LOPES, DRT; SILVA, EJNL; Souza, Erick; PACIORNIK, S.. Anatomic danger zone reconsidered: a micro-CT study on dentine thickness in mandibular molars. INTERNATIONAL ENDODONTIC JOURNAL, v. x, p. 12-15, 2019.<\/a><\/td>\n<\/tr>\n<tr class=\"row-24\">\n\t<td class=\"column-1\"><a href=\"https:\/\/doi.org\/10.1016\/j.cemconres.2020.106139\" rel=\"noopener\" target=\"_blank\">LORENZONI, RENATA ; CUROSU, IURIE ; L\u00c9ONARD, FABIEN ; Paciornik, Sydney; MECHTCHERINE, VIKTOR ; SILVA, FLAVIO A. ; BRUNO, GIOVANNI. Combined mechanical and 3D-microstructural analysis of strain-hardening cement-based composites (SHCC) by in-situ X-ray microtomography. CEMENT AND CONCRETE RESEARCH, v. 136, p. 106139, 2020.<\/a><\/td>\n<\/tr>\n<tr class=\"row-25\">\n\t<td class=\"column-1\"><a href=\"https:\/\/doi.org\/10.1590\/0370-44672019730128\" rel=\"noopener\" target=\"_blank\">CALDAS, THALITA DIAS PINHEIRO ; AUGUSTO, KAREN SOARES ; IGLESIAS, JULIO C\u00c9SAR \u00c1LVAREZ ; Paciornik, Sidnei ; DOMINGUES, ALEI LEITE ALC\u00c2NTARA. Analysis of cracks and coating in iron ore pellets by digital image processing. REM - INTERNATIONAL ENGINEERING JOURNAL, v. 73, p. 345-352, 2020.<\/a><\/td>\n<\/tr>\n<tr class=\"row-26\">\n\t<td class=\"column-1\"><a href=\"http:\/\/dx.doi.org\/10.1557\/jmr.2019.117\" rel=\"noopener\" target=\"_blank\">PALOMBINI, FELIPE LUIS ; NOGUEIRA, FERNANDA MAYARA ; KINDLEIN, WILSON ; Paciornik, Sydney; MARIATH, JORGE ERNESTO DE ARAUJO ; DE OLIVEIRA, BRANCA FREITAS . Biomimetic systems and design in the 3D characterization of the complex vascular system of bamboo node based on X-ray microtomography and finite element analysis. Journal of Materials Research, vol. 35, p. 842-854, 2020.<\/a><\/td>\n<\/tr>\n<tr class=\"row-27\">\n\t<td class=\"column-1\"><a href=\"http:\/\/dx.doi.org\/10.1016\/j.radphyschem.2019.04.060\" rel=\"noopener\" target=\"_blank\">SALES, ES ; SILVA, CER ; LETICHEVSKY, S. ; SANTOS, R. ; Teixeira Pinto, Luiz AL ; SANTOS, CT ; De Oliveira, luiz Fernando ; AVILLEZ, R. R ; MONTEIRO, MJ ; Paciornik, Sidnei ; DOS ANJOS, MARCELINO. Study of composition and structure of demineralized bone using X-ray techniques. RADIATION PHYSICS AND CHEMISTRY, v. 167, p. 1-9, 2020.<\/a><\/td>\n<\/tr>\n<tr class=\"row-28\">\n\t<td class=\"column-1\"><a href=\"http:\/\/dx.doi.org\/10.1016\/j.petrol.2019.01.022\" rel=\"noopener\" target=\"_blank\">LORENZONI, R.; Paciornik, S.; SILVA, FA. Characterization by microcomputed tomography of class G oil well cement paste exposed to elevated temperatures. JOURNAL OF PETROLEUM SCIENCE AND ENGINEERING, v. 175, p. 896-904, 2019.<\/a><\/td>\n<\/tr>\n<tr class=\"row-29\">\n\t<td class=\"column-1\"><a href=\"http:\/\/dx.doi.org\/10.1007\/s11998-018-00175-1\" rel=\"noopener\" target=\"_blank\">GINOBLE PANDOLI, OMAR; MARTINS, RAQUEL S.; DE TONI, KAREN LG; Paciornik, Sydney; MAUR\u00cdCIO, MARCOS HP; LIMA, RENAN MC; PADILHA, NIKOLAS B.; LETICHEVSKY, SONIA; AVILLEZ, ROBERTO R.; RODRIGUES, ELTON JR; GHAVAMI, Khosrow. A regioselective coating onto microarray channels of bamboo with chitosan-based silver nanoparticles. JOURNAL OF COATINGS TECHNOLOGY AND RESEARCH (ONLINE), v. Online, p. 1-13, 2019.<\/a><\/td>\n<\/tr>\n<tr class=\"row-30\">\n\t<td class=\"column-1\"><a href=\"http:\/\/dx.doi.org\/10.1016\/j.mineng.2019.04.032\" rel=\"noopener\" target=\"_blank\">IGLESIAS, JULIO C\u00c9SAR \u00c1LVAREZ; SANTOS, RICHARD BRYAN MAGALHAES; Paciornik, Sydney. Deep learning discrimination of quartz and resin in optical microscopy images of minerals. MINERALS ENGINEERING, v. 138, p. 79-85, 2019.<\/a><\/td>\n<\/tr>\n<tr class=\"row-31\">\n\t<td class=\"column-1\"><a href=\"http:\/\/dx.doi.org\/10.1038\/s41598-019-48803-z\" rel=\"noopener\" target=\"_blank\">DO NASCIMENTO, D\u00c9BORA F. ; VIMIEIRO JUNIOR, JOS\u00c9 R. ; Paciornik, Sidnei ; CARVALHO, MARCIO S. Pore Scale Visualization of Drainage in 3D Porous Media by Confocal Microscopy. Scientific Reports, v. 9, p. 12333, 2019.<\/a><\/td>\n<\/tr>\n<tr class=\"row-32\">\n\t<td class=\"column-1\"><a href=\"https:\/\/doi.org\/10.1111\/iej.13141\" rel=\"noopener\" target=\"_blank\">De-Deus G. ; RODRIGUES, EA ; BELLADONNA, FG; SIM\u00d5ES\u2019CARVALHO, M. ; CAVALCANTE, DM; OLIVEIRA, DS ; Souza, EM; GIORGI, K.A.; Versiani, MA; LOPES, DRT; SILVA, EJNL ; Souza, Erick ; Paciornik, Sydney. Pore Scale Visualization of Drainage in 3D Porous Media by Confocal Microscopy. Anatomic danger zone reconsidered: a micro-CT study on dentine thickness in mandibular molars. INTERNATIONAL ENDODONTIC JOURNAL, vol. x, p. 12-15, 2019.<\/a><\/td>\n<\/tr>\n<tr class=\"row-33\">\n\t<td class=\"column-1\"><a href=\"http:\/\/dx.doi.org\/10.1590\/1980-5373-MR-2018-0821\" rel=\"noopener\" target=\"_blank\">PEREIRA, AF; PACIORNIK, S; SANTOS, DILSON SILVA DOS; GARDEN, PM. Characterization of TiO2 Nanoparticle? S Morphology and its Influence on the Hydrogen Sorption Kinetics of MgH2. MATERIALS RESEARCH, v. 22, p. 1-8, 2019.<\/a><\/td>\n<\/tr>\n<tr class=\"row-34\">\n\t<td class=\"column-1\"><a href=\"http:\/\/dx.doi.org\/10.1080\/25726641.2019.1708656\" rel=\"noopener\" target=\"_blank\">SANTOS, RICHARD BRYAN MAGALHAES ; AUGUSTO, KAREN SOARES ; Paciornik, Sydney; ALCANTARA DOMINGUES, ALEI LEITE . An image analysis system for automatic characterization of iron ore sintering quasiparticles. Mineral Processing and Extractive Metallurgy, v. 131, p. 25-33, 2019.<\/a><\/td>\n<\/tr>\n<tr class=\"row-35\">\n\t<td class=\"column-1\"><a href=\"http:\/\/dx.doi.org\/10.1590\/1980-5373-mr-2017-0621\" rel=\"noopener\" target=\"_blank\">AUGUSTO, KS; PACIORNIK, S.. Porosity Characterization of Iron Ore Pellets by X-Ray Microtomography. MATERIALS RESEARCH, p. 1-12, 2018.<\/a><\/td>\n<\/tr>\n<tr class=\"row-36\">\n\t<td class=\"column-1\"><a href=\"http:\/\/dx.doi.org\/10.1590\/0370-44672017710035\" rel=\"noopener\" target=\"_blank\">CASTELLANOS, RM; Iglesias, Julio Cesar Alvarez; Gomes, Ot\u00e1vio da Fonseca Martins; AUGUSTO, KAREN SOARES; PACIORNIK, S.. Characterization of iron ore pellets by multimodal microscopy and image analysis. REM - International Engineering Journal, v. 71, p. 209-215, 2018.<\/a><\/td>\n<\/tr>\n<tr class=\"row-37\">\n\t<td class=\"column-1\"><a href=\"http:\/\/dx.doi.org\/10.1016\/j.optlastec.2018.02.002\" rel=\"noopener\" target=\"_blank\">CIDADE, MARIANA KUHL; PALOMBINI, FELIPE LUIS; DUARTE, LAUREN DA CUNHA; Paciornik, Sydney. Investigation of the thermal microstructural effects of CO 2 laser engraving on agate via X-ray microtomography. OPTICS AND LASER TECHNOLOGY, v. 104, p. 56-64, 2018.<\/a><\/td>\n<\/tr>\n<tr class=\"row-38\">\n\t<td class=\"column-1\"><a href=\"http:\/\/dx.doi.org\/10.1016\/j.jmrt.2018.06.014\" rel=\"noopener\" target=\"_blank\">IGLESIAS, JULIO C\u00c9SAR \u00c1LVAREZ ; AUGUSTO, KAREN SOARES ; DA FONSECA MARTINS GOMES, OT\u00c1VIO ; DOMINGUES, ALEI LEITE ALC\u00c2NTARA ; Vieira, Maria Beatriz ; CASAGRANDE, CATIA ; Paciornik, Sidnei . Automatic characterization of iron ore by digital microscopy and image analysis. Journal of Materials Research and Technology-JMR&amp;T, v. 7, p. 376-380, 2018.<\/a><\/td>\n<\/tr>\n<tr class=\"row-39\">\n\t<td class=\"column-1\"><a href=\"http:\/\/dx.doi.org\/10.1088\/1748-0221\/13\/05\/c05010\" rel=\"noopener\" target=\"_blank\">SALES, E.; SILVA, CER DA; LETICHEVSKY, S.; SANTOS, R. DOS; LEITAO, R.; SANTOS, CT DOS; DE OLIVEIRA, LF; DE AVILLEZ, R.; MONTEIRO, M.; COSTA-FELIX, R.; Paciornik, S.; ANJOS, M. DOS. Chemical induced demineralization study in cortical bone. Journal of Instrumentation, v. 13, p. C05010-C05010, 2018.<\/a><\/td>\n<\/tr>\n<tr class=\"row-40\">\n\t<td class=\"column-1\"><a http:>DA LUZ, FERNANDA SANTOS ; Paciornik, Sidnei ; MONTEIRO, SERGIO NEVES ; DA SILVA, LUIZ CARLOS ; TOMMASINI, FL\u00c1VIO JAMES ; CANDIDO, VER\u00d4NICA SCARPINI . Porosity Assessment for Different Diameters of Coir Lignocellulosic Fibers. JOM, v. 69, p. 2045-2051, 2017.<\/a><\/td>\n<\/tr>\n<tr class=\"row-41\">\n\t<td class=\"column-1\"><a href=\"http:\/\/dx.doi.org\/10.1016\/j.ultramic.2017.09.004\" rel=\"noopener\" target=\"_blank\">RUIZ, JE ; Paciornik, S.; PINTO, LD; PTAK, F. ; PIRES, MP; SOUZA, PL. Optimization of digital image processing to determine quantum dots? height and density from atomic force microscopy. ULTRAMICROSCOPY, v. 184, p. 234-241, 2017.<\/a><\/td>\n<\/tr>\n<tr class=\"row-42\">\n\t<td class=\"column-1\"><a href=\"http:\/\/dx.doi.org\/10.1155\/2016\/9319534\" rel=\"noopener\" target=\"_blank\">PRADO, NAT\u00c1LIA ARA\u00daJO SILVA; FERREIRA, REINALDO DE SOUZA; MAUR\u00cdCIO, MARCOS HENRIQUE DE PINHO; Paciornik, Sydney; MIRANDA, Mauro Say\u00e3o de. Influence of the Cement Film Thickness on the Push-Out Bond Strength of Glass Fiber Posts Cemented in Human Root Canals. International Journal of Dentistry (Print), v. 2016, p. 1-7, 2016.<\/a><\/td>\n<\/tr>\n<tr class=\"row-43\">\n\t<td class=\"column-1\"><a href=\"http:\/\/dx.doi.org\/10.1039\/C6RA12516F\" rel=\"noopener\" target=\"_blank\">PANDOLI, OMAR; MARTINS, RAQUEL DOS SANTOS; CARDONA ROMANI, ERIC; Paciornik, Sydney; DE PINHO MAUR\u00cdCIO, MARCOS HENRIQUE; DINIZ LOPES ALVES, HAIMON; VENTURA PEREIRA-MEIRELLESA, FATIMA; LOBO LUZ, ERIC; DE LIMA, SILV\u00c2NIA MARILENE; VALIENTE ROUCO, HIRSCHEL; GHAVAMI, Khosrow. Colloidal silver nanoparticles: an effective nano-filler material to prevent fungal proliferation in bamboo. RSC Advances: an international journal to further the chemical sciences, v. 6, p. 98325-98336, 2016.<\/a><\/td>\n<\/tr>\n<tr class=\"row-44\">\n\t<td class=\"column-1\"><a href=\"http:\/\/dx.doi.org\/10.1007\/s11837-016-2203-8\" rel=\"noopener\" target=\"_blank\">MONTEIRO, SERGIO NEVES ; Paciornik, Sydney. From Historical Backgrounds to Recent Advances in 3D Characterization of Materials: An Overview. JOM, v. 69, p. 84-92, 2016.<\/a><\/td>\n<\/tr>\n<tr class=\"row-45\">\n\t<td class=\"column-1\"><a href=\"http:\/\/dx.doi.org\/10.1680\/jphmg.15.00048\" rel=\"noopener\" target=\"_blank\">MORNES, PAOLA MACHADO BARRETO; SABOYA, FERNANDO; ARARUNA, JOS\u00c9 TAVARES; TIBANA, S\u00c9RGIO; MARQUES, DANIELA ALEXANDRA; Paciornik, Sydney; ALVES, HAIMON DINIZ LOPES; MAUR\u00cdCIO, MARCOS HENRIQUE DE PINHO. General evaluation of sand column models by X-ray MicroCT. International Journal of Physical Modeling in Geotechnics, v. 17, p. 1-12, 2016.<\/a><\/td>\n<\/tr>\n<tr class=\"row-46\">\n\t<td class=\"column-1\"><a href=\"http:\/\/dx.doi.org\/10.1016\/j.matchar.2014.11.029\" rel=\"noopener\" target=\"_blank\">COSTA, AMLM; MARINKOVIC, BA or MARINKOVIC, B.; SUGUIHIRO, NM; SMITH, DJ; DA COSTA, MEHM; PACIORNIK, S.. Fe-doped nanostructured titanates synthesized in a single step route. Materials Characterization, v. 99, p. 150-159, 2015.<\/a><\/td>\n<\/tr>\n<tr class=\"row-47\">\n\t<td class=\"column-1\"><a href=\"http:\/\/dx.doi.org\/10.1016\/j.matchar.2015.07.030\" rel=\"noopener\" target=\"_blank\">SILVA, LF; DOS SANTOS, VR; Paciornik, S.; MERTENS, JCE; CHAWLA, NIKHILESH. Multiscale 3D characterization of discontinuities in underwater wet welds. Materials Characterization, v. 107, p. 358-366, 2015.<\/a><\/td>\n<\/tr>\n<tr class=\"row-48\">\n\t<td class=\"column-1\"><a href=\"http:\/\/dx.doi.org\/10.1590\/0103-6440201300116\" rel=\"noopener\" target=\"_blank\">De-Deus, Gustavo; BELLADONNA, FELIPE GON\u00c7ALVES; SILVA, EMMANUEL JO\u00c3O NOGUEIRA LEAL; MARINS, JULIANA ROTER; SOUZA, ERICK MIRANDA; PEREZ, RENATA; LOPES, Ricardo Tadeu; VERSIANI, MARCO AUR\u00c9LIO; Paciornik, Sydney; NEVES, ALINE DE ALMEIDA. Micro-CT Evaluation of Non-instrumented Canal Areas with Different Enlargements Performed by NiTi Systems. Brazilian Dental Journal, vol. 26, p. 624-629, 2015.<\/a><\/td>\n<\/tr>\n<tr class=\"row-49\">\n\t<td class=\"column-1\"><a href=\"http:\/\/dx.doi.org\/10.1016\/j.joen.2014.11.028\" rel=\"noopener\" target=\"_blank\">Of God GA; Roter JM; Silva EJ; Souza EM; Belladonna FG; Reis CM; Machado AS; Lopes RT; Versiani M; PACIORNIK, S.; Neves, AA. Accumulated Hard Tissue Debris Produced during Reciprocating and Rotary Nickel-Titanium Canal Preparation. Journal of Endodontics, p. 676-681, 2015.<\/a><\/td>\n<\/tr>\n<tr class=\"row-50\">\n\t<td class=\"column-1\"><a href=\"http:\/\/dx.doi.org\/10.1590\/1677-3225v14n2a11\" rel=\"noopener\" target=\"_blank\">PIZANI, ANDR? IA MARA ANDRADE; THOLT, BEATRIZ; Paciornik, Sydney; DIAS, KATIA REGINA HOSTILIO CERVANTES; ALBUQUERQUE, PEDRO PAULO ALBUQUERQUE CAVACANTI D; QUEIROZ, CELSO SILVA. Dental bleaching agents with calcium and their effects on enamel microhardness and morphology. BRAZILIAN JOURNAL OF ORAL SCIENCES, v. 14, p. 154-158, 2015.<\/a><\/td>\n<\/tr>\n<\/tbody>\n<\/table>\n<!-- #tablepress-3 from cache -->","protected":false},"excerpt":{"rendered":"","protected":false},"author":1,"featured_media":0,"parent":0,"menu_order":0,"comment_status":"closed","ping_status":"closed","template":"","meta":{"footnotes":""},"class_list":["post-23","page","type-page","status-publish","hentry"],"_links":{"self":[{"href":"https:\/\/micdigi.deqm.puc-rio.br\/en\/wp-json\/wp\/v2\/pages\/23","targetHints":{"allow":["GET"]}}],"collection":[{"href":"https:\/\/micdigi.deqm.puc-rio.br\/en\/wp-json\/wp\/v2\/pages"}],"about":[{"href":"https:\/\/micdigi.deqm.puc-rio.br\/en\/wp-json\/wp\/v2\/types\/page"}],"author":[{"embeddable":true,"href":"https:\/\/micdigi.deqm.puc-rio.br\/en\/wp-json\/wp\/v2\/users\/1"}],"replies":[{"embeddable":true,"href":"https:\/\/micdigi.deqm.puc-rio.br\/en\/wp-json\/wp\/v2\/comments?post=23"}],"version-history":[{"count":16,"href":"https:\/\/micdigi.deqm.puc-rio.br\/en\/wp-json\/wp\/v2\/pages\/23\/revisions"}],"predecessor-version":[{"id":644,"href":"https:\/\/micdigi.deqm.puc-rio.br\/en\/wp-json\/wp\/v2\/pages\/23\/revisions\/644"}],"wp:attachment":[{"href":"https:\/\/micdigi.deqm.puc-rio.br\/en\/wp-json\/wp\/v2\/media?parent=23"}],"curies":[{"name":"wp","href":"https:\/\/api.w.org\/{rel}","templated":true}]}}