{"id":21,"date":"2017-11-30T16:01:05","date_gmt":"2017-11-30T16:01:05","guid":{"rendered":"http:\/\/micdigi.deqm.puc-rio.br\/?page_id=21"},"modified":"2025-04-08T16:11:05","modified_gmt":"2025-04-08T19:11:05","slug":"servicos","status":"publish","type":"page","link":"https:\/\/micdigi.deqm.puc-rio.br\/en\/servicos\/","title":{"rendered":"Services"},"content":{"rendered":"<div class=\"fusion-fullwidth fullwidth-box fusion-builder-row-1 nonhundred-percent-fullwidth non-hundred-percent-height-scrolling\" style=\"--awb-border-radius-top-left:0px;--awb-border-radius-top-right:0px;--awb-border-radius-bottom-right:0px;--awb-border-radius-bottom-left:0px;--awb-flex-wrap:wrap;\" ><div class=\"fusion-builder-row fusion-row\"><div class=\"fusion-layout-column fusion_builder_column fusion-builder-column-0 fusion_builder_column_1_1 1_1 fusion-one-full fusion-column-first fusion-column-last\" style=\"--awb-bg-size:cover;\"><div class=\"fusion-column-wrapper fusion-flex-column-wrapper-legacy\"><div class=\"fusion-text fusion-text-1\"><div class=\"fusion-image-carousel fusion-image-carousel-auto fusion-image-carousel-1 lightbox-enabled fusion-carousel-border\"><div class=\"awb-carousel awb-swiper awb-swiper-carousel awb-swiper-dots-position-bottom awb-carousel--carousel\" data-layout=\"carousel\" data-autoplay=\"yes\" data-autoplayspeed=\"2500\" data-autoplaypause=\"no\" data-columns=\"1\" data-itemmargin=\"1\" data-itemwidth=\"180\" data-touchscroll=\"no\" data-freemode=\"no\" data-imagesize=\"auto\" data-centeredslides=\"no\" data-rotationangle=\"50\" data-depth=\"100\" data-speed=\"500\" data-shadow=\"no\" style=\"--awb-columns:1;--awb-column-spacing:1px;\"><div class=\"swiper-wrapper awb-image-carousel-wrapper fusion-flex-align-items-center\"><div class=\"swiper-slide\"><div class=\"fusion-carousel-item-wrapper\"><div class=\"fusion-image-wrapper hover-type-zoomin\"><a data-rel=\"iLightbox[image_carousel_1]\" href=\"http:\/\/micdigi.deqm.puc-rio.br\/wp-content\/uploads\/2018\/03\/serv01.jpg\" target=\"_self\"><img decoding=\"async\" src=\"http:\/\/micdigi.deqm.puc-rio.br\/wp-content\/uploads\/2018\/03\/serv01.jpg\" alt=\"\"\/><\/a><\/div><\/div><\/div><div class=\"swiper-slide\"><div class=\"fusion-carousel-item-wrapper\"><div class=\"fusion-image-wrapper hover-type-zoomin\"><a data-rel=\"iLightbox[image_carousel_1]\" href=\"http:\/\/micdigi.deqm.puc-rio.br\/wp-content\/uploads\/2018\/03\/serv02.jpg\" target=\"_self\"><img decoding=\"async\" src=\"http:\/\/micdigi.deqm.puc-rio.br\/wp-content\/uploads\/2018\/03\/serv02.jpg\" alt=\"\"\/><\/a><\/div><\/div><\/div><div class=\"swiper-slide\"><div class=\"fusion-carousel-item-wrapper\"><div class=\"fusion-image-wrapper hover-type-zoomin\"><a data-rel=\"iLightbox[image_carousel_1]\" href=\"http:\/\/micdigi.deqm.puc-rio.br\/wp-content\/uploads\/2018\/03\/serv03.jpg\" target=\"_self\"><img decoding=\"async\" src=\"http:\/\/micdigi.deqm.puc-rio.br\/wp-content\/uploads\/2018\/03\/serv03.jpg\" alt=\"\"\/><\/a><\/div><\/div><\/div><div class=\"swiper-slide\"><div class=\"fusion-carousel-item-wrapper\"><div class=\"fusion-image-wrapper hover-type-zoomin\"><a data-rel=\"iLightbox[image_carousel_1]\" href=\"http:\/\/micdigi.deqm.puc-rio.br\/wp-content\/uploads\/2018\/03\/equip_tom_05.jpg\" target=\"_self\"><img decoding=\"async\" src=\"http:\/\/micdigi.deqm.puc-rio.br\/wp-content\/uploads\/2018\/03\/equip_tom_05.jpg\" alt=\"\"\/><\/a><\/div><\/div><\/div><\/div><div class=\"awb-swiper-button awb-swiper-button-prev\"><i class=\"awb-icon-angle-left\" aria-hidden=\"true\"><\/i><\/div><div class=\"awb-swiper-button awb-swiper-button-next\"><i class=\"awb-icon-angle-right\" aria-hidden=\"true\"><\/i><\/div><\/div><\/div>\n<ul>\n<li><span style=\"font-size: 16px;\">Caracteriza\u00e7\u00e3o microestrutural por microscopia \u00f3tica e\/ou microtomografia de raios-x.<\/span><\/li>\n<li><span style=\"font-size: 16px;\">Desenvolvimento de m\u00e9todos de microscopia quantitativa para materiais diversos (metais, cer\u00e2micos, comp\u00f3sitos).<\/span><\/li>\n<li><span style=\"font-size: 16px;\">An\u00e1lise tridimensional por tomografia, com quantifica\u00e7\u00e3o de defeitos (poros, trincas) em metais, soldas, rochas, comp\u00f3sitos.<\/span><\/li>\n<li><span style=\"font-size: 16px;\">Desenvolvimento de rotinas especializadas para caracteriza\u00e7\u00e3o de min\u00e9rio de ferro e seus aglomerados.<\/span><\/li>\n<\/ul>\n<p style=\"text-align: left;\"><span style=\"font-size: 16px;\"><strong>ATEN\u00c7\u00c3O:<\/strong><\/span><\/p>\n<p style=\"text-align: left;\"><span style=\"font-size: 16px;\"><strong>Para solicitar servi\u00e7os,<br \/>\nconhecer as condi\u00e7\u00f5es e prazos,<br \/>\npor favor entre em contato com<br \/>\n<a href=\"mailto: marcosh@puc-rio.br\">Marcos Henrique de Pinho Mauricio<\/a>.<\/strong><\/span><\/p>\n<\/div><div class=\"fusion-clearfix\"><\/div><\/div><\/div><\/div><\/div>\n","protected":false},"excerpt":{"rendered":"","protected":false},"author":1,"featured_media":0,"parent":0,"menu_order":0,"comment_status":"closed","ping_status":"closed","template":"","meta":{"footnotes":""},"class_list":["post-21","page","type-page","status-publish","hentry"],"_links":{"self":[{"href":"https:\/\/micdigi.deqm.puc-rio.br\/en\/wp-json\/wp\/v2\/pages\/21","targetHints":{"allow":["GET"]}}],"collection":[{"href":"https:\/\/micdigi.deqm.puc-rio.br\/en\/wp-json\/wp\/v2\/pages"}],"about":[{"href":"https:\/\/micdigi.deqm.puc-rio.br\/en\/wp-json\/wp\/v2\/types\/page"}],"author":[{"embeddable":true,"href":"https:\/\/micdigi.deqm.puc-rio.br\/en\/wp-json\/wp\/v2\/users\/1"}],"replies":[{"embeddable":true,"href":"https:\/\/micdigi.deqm.puc-rio.br\/en\/wp-json\/wp\/v2\/comments?post=21"}],"version-history":[{"count":16,"href":"https:\/\/micdigi.deqm.puc-rio.br\/en\/wp-json\/wp\/v2\/pages\/21\/revisions"}],"predecessor-version":[{"id":607,"href":"https:\/\/micdigi.deqm.puc-rio.br\/en\/wp-json\/wp\/v2\/pages\/21\/revisions\/607"}],"wp:attachment":[{"href":"https:\/\/micdigi.deqm.puc-rio.br\/en\/wp-json\/wp\/v2\/media?parent=21"}],"curies":[{"name":"wp","href":"https:\/\/api.w.org\/{rel}","templated":true}]}}