{"id":12,"date":"2017-11-30T15:50:29","date_gmt":"2017-11-30T15:50:29","guid":{"rendered":"http:\/\/micdigi.deqm.puc-rio.br\/?page_id=12"},"modified":"2025-04-08T14:27:08","modified_gmt":"2025-04-08T17:27:08","slug":"apresentacao","status":"publish","type":"page","link":"https:\/\/micdigi.deqm.puc-rio.br\/en\/apresentacao\/","title":{"rendered":"Presentation"},"content":{"rendered":"<div class=\"fusion-fullwidth fullwidth-box fusion-builder-row-1 nonhundred-percent-fullwidth non-hundred-percent-height-scrolling\" style=\"--awb-border-radius-top-left:0px;--awb-border-radius-top-right:0px;--awb-border-radius-bottom-right:0px;--awb-border-radius-bottom-left:0px;--awb-flex-wrap:wrap;\" ><div class=\"fusion-builder-row fusion-row\"><div class=\"fusion-layout-column fusion_builder_column fusion-builder-column-0 fusion_builder_column_1_3 1_3 fusion-one-third fusion-column-first\" style=\"--awb-bg-size:cover;width:33.333333333333%;width:calc(33.333333333333% - ( ( 4% ) * 0.33333333333333 ) );margin-right: 4%;\"><div class=\"fusion-column-wrapper fusion-flex-column-wrapper-legacy\"><div class=\"fusion-slider-sc fusion-flexslider-loading flexslider flexslider-hover-type-zoomin\" data-slideshow_autoplay=\"1\" data-slideshow_smooth_height=\"0\" data-slideshow_speed=\"7000\" style=\"max-width:100%;height:100%;\"><ul class=\"slides\"><li class=\"image\"><a class=\"lightbox-enabled fusion-lightbox\" data-rel=\"iLightbox[slider_carousel_1]\" href=\"http:\/\/micdigi.deqm.puc-rio.br\/wp-content\/uploads\/2018\/02\/lab_apres_01.jpg\" target=\"_self\"><span class=\"fusion-image-hover-element hover-type-zoomin\"><img decoding=\"async\" src=\"http:\/\/micdigi.deqm.puc-rio.br\/wp-content\/uploads\/2018\/02\/lab_apres_01.jpg\" \/><\/span><\/a><\/li><li class=\"image\"><a class=\"lightbox-enabled fusion-lightbox\" data-rel=\"iLightbox[slider_carousel_1]\" href=\"http:\/\/micdigi.deqm.puc-rio.br\/wp-content\/uploads\/2018\/02\/lab_apres_02.jpg\" target=\"_self\"><span class=\"fusion-image-hover-element hover-type-zoomin\"><img decoding=\"async\" src=\"http:\/\/micdigi.deqm.puc-rio.br\/wp-content\/uploads\/2018\/02\/lab_apres_02.jpg\" \/><\/span><\/a><\/li><li class=\"image\"><a class=\"lightbox-enabled fusion-lightbox\" data-rel=\"iLightbox[slider_carousel_1]\" href=\"http:\/\/micdigi.deqm.puc-rio.br\/wp-content\/uploads\/2018\/02\/lab_apres_03.jpg\" target=\"_self\"><span class=\"fusion-image-hover-element hover-type-zoomin\"><img decoding=\"async\" src=\"http:\/\/micdigi.deqm.puc-rio.br\/wp-content\/uploads\/2018\/02\/lab_apres_03.jpg\" \/><\/span><\/a><\/li><li class=\"image\"><a class=\"lightbox-enabled fusion-lightbox\" data-rel=\"iLightbox[slider_carousel_1]\" href=\"http:\/\/micdigi.deqm.puc-rio.br\/wp-content\/uploads\/2018\/02\/lab_apres_04.jpg\" target=\"_self\"><span class=\"fusion-image-hover-element hover-type-zoomin\"><img decoding=\"async\" src=\"http:\/\/micdigi.deqm.puc-rio.br\/wp-content\/uploads\/2018\/02\/lab_apres_04.jpg\" \/><\/span><\/a><\/li><li class=\"image\"><span class=\"fusion-image-hover-element hover-type-zoomin\"><img decoding=\"async\" src=\"http:\/\/micdigi.deqm.puc-rio.br\/wp-content\/uploads\/2018\/03\/equip_tom_03-150x150.jpg\" width=\"150\" height=\"150\" class=\"wp-image-185\" srcset=\"https:\/\/micdigi.deqm.puc-rio.br\/wp-content\/uploads\/2018\/03\/equip_tom_03-66x66.jpg 66w, https:\/\/micdigi.deqm.puc-rio.br\/wp-content\/uploads\/2018\/03\/equip_tom_03-150x150.jpg 150w, https:\/\/micdigi.deqm.puc-rio.br\/wp-content\/uploads\/2018\/03\/equip_tom_03.jpg 1500w\" sizes=\"(max-width: 150px) 100vw, 150px\" \/><\/span><\/li><\/ul><\/div><div class=\"fusion-clearfix\"><\/div><\/div><\/div><div class=\"fusion-layout-column fusion_builder_column fusion-builder-column-1 fusion_builder_column_2_3 2_3 fusion-two-third fusion-column-last\" style=\"--awb-bg-size:cover;width:66.666666666667%;width:calc(66.666666666667% - ( ( 4% ) * 0.66666666666667 ) );\"><div class=\"fusion-column-wrapper fusion-flex-column-wrapper-legacy\"><div class=\"fusion-text fusion-text-1\"><p>Criado em 1988, o <strong>Grupo de Pesquisa em Microscopia Digital e An\u00e1lise de Imagens (MicDigi)<\/strong> est\u00e1 vinculado ao Departamento de Engenharia Qu\u00edmica e de Materiais (DEQM) da PUC-Rio. \u00c9 formado por professores, pesquisadores, t\u00e9cnicos, al\u00e9m de alunos de gradua\u00e7\u00e3o e p\u00f3s-gradua\u00e7\u00e3o. Atualmente, o grupo \u00e9 coordenado pelo Prof. Sidnei Paciornik, com vice-coordena\u00e7\u00e3o do Dr. Marcos Henrique de Pinho Maur\u00edcio.<\/p>\n<p>O MicDigi atua no desenvolvimento de m\u00e9todos para processamento e an\u00e1lise de imagens aplicadas \u00e0 caracteriza\u00e7\u00e3o 2D e 3D de materiais, utilizando t\u00e9cnicas avan\u00e7adas de microscopia e tomografia. Al\u00e9m disso, desenvolve pesquisas e solu\u00e7\u00f5es utilizando abordagens de <em>Machine learning<\/em> e <em>Deep learning<\/em> aplicadas \u00e0 interpreta\u00e7\u00e3o e an\u00e1lise de imagens, com foco em automa\u00e7\u00e3o, extra\u00e7\u00e3o de dados e an\u00e1lise microestrutural. Por meio de softwares comerciais e de c\u00f3digo aberto, o grupo cria rotinas customizadas para quantifica\u00e7\u00e3o autom\u00e1tica de caracter\u00edsticas relevantes.<\/p>\n<p>Al\u00e9m das atividades de pesquisa, o grupo funciona como um Centro Multiusu\u00e1rio, disponibilizando seus equipamentos para atender \u00e0s demandas de departamentos e programas de p\u00f3s-gradua\u00e7\u00e3o da pr\u00f3pria PUC-Rio, de universidades do Rio de Janeiro (como UERJ e UFF), de outras institui\u00e7\u00f5es brasileiras (como UFRGS e UFPR) e de centros de pesquisa (como CETEM e CENPES).<\/p>\n<p>O MicDigi tamb\u00e9m mant\u00e9m parcerias com empresas e institui\u00e7\u00f5es de diferentes setores, como Vale, ArcelorMittal, Pipeway e AXT. Destaca-se ainda sua atua\u00e7\u00e3o no setor e\u00f3lico, com colabora\u00e7\u00f5es junto \u00e0 ABEE\u00d3LICA (Associa\u00e7\u00e3o Brasileira de Energia E\u00f3lica) e \u00e0 empresa Aeris. Al\u00e9m disso, o grupo oferece treinamentos e desenvolve solu\u00e7\u00f5es customizadas para aplica\u00e7\u00f5es acad\u00eamicas e industriais.<\/p>\n<p>Interessados em parcerias, propostas de pesquisa, treinamentos, esclarecimento de d\u00favidas ou no uso dos equipamentos podem entrar em contato com o vice-coordenador do grupo, Dr. Marcos Henrique de Pinho Maur\u00edcio.<\/p>\n<\/div><div class=\"fusion-clearfix\"><\/div><\/div><\/div><\/div><\/div>\n","protected":false},"excerpt":{"rendered":"","protected":false},"author":1,"featured_media":0,"parent":0,"menu_order":0,"comment_status":"closed","ping_status":"closed","template":"","meta":{"footnotes":""},"class_list":["post-12","page","type-page","status-publish","hentry"],"_links":{"self":[{"href":"https:\/\/micdigi.deqm.puc-rio.br\/en\/wp-json\/wp\/v2\/pages\/12","targetHints":{"allow":["GET"]}}],"collection":[{"href":"https:\/\/micdigi.deqm.puc-rio.br\/en\/wp-json\/wp\/v2\/pages"}],"about":[{"href":"https:\/\/micdigi.deqm.puc-rio.br\/en\/wp-json\/wp\/v2\/types\/page"}],"author":[{"embeddable":true,"href":"https:\/\/micdigi.deqm.puc-rio.br\/en\/wp-json\/wp\/v2\/users\/1"}],"replies":[{"embeddable":true,"href":"https:\/\/micdigi.deqm.puc-rio.br\/en\/wp-json\/wp\/v2\/comments?post=12"}],"version-history":[{"count":17,"href":"https:\/\/micdigi.deqm.puc-rio.br\/en\/wp-json\/wp\/v2\/pages\/12\/revisions"}],"predecessor-version":[{"id":604,"href":"https:\/\/micdigi.deqm.puc-rio.br\/en\/wp-json\/wp\/v2\/pages\/12\/revisions\/604"}],"wp:attachment":[{"href":"https:\/\/micdigi.deqm.puc-rio.br\/en\/wp-json\/wp\/v2\/media?parent=12"}],"curies":[{"name":"wp","href":"https:\/\/api.w.org\/{rel}","templated":true}]}}